{"id":10913,"date":"2021-05-19T10:55:16","date_gmt":"2021-05-19T10:55:16","guid":{"rendered":"https:\/\/venturamedicaltechnologies.com\/instrucciones-de-uso\/"},"modified":"2025-06-23T09:11:06","modified_gmt":"2025-06-23T09:11:06","slug":"instructions-for-use","status":"publish","type":"page","link":"https:\/\/venturamedicaltechnologies.com\/ca\/instructions-for-use\/","title":{"rendered":"Instruccions d&#039;\u00fas"},"content":{"rendered":"<p><div class=\"fusion-fullwidth fullwidth-box fusion-builder-row-1 fusion-flex-container fusion-parallax-none fusion-fullwidth-100percent nonhundred-percent-fullwidth non-hundred-percent-height-scrolling lazyload\" style=\"--awb-background-position:right center;--awb-border-radius-top-left:0px;--awb-border-radius-top-right:0px;--awb-border-radius-bottom-right:0px;--awb-border-radius-bottom-left:0px;--awb-margin-bottom:0px;--awb-background-size:cover;--awb-flex-wrap:wrap;\" data-bg=\"https:\/\/venturamedicaltechnologies.com\/wp-content\/uploads\/2021\/05\/lantitapsslide.jpg\" ><div class=\"fusion-builder-row fusion-row fusion-flex-align-items-flex-start fusion-flex-content-wrap\" style=\"max-width:1365px;margin-left: calc(-5% \/ 2 );margin-right: calc(-5% \/ 2 );\"><div class=\"fusion-layout-column fusion_builder_column fusion-builder-column-0 fusion_builder_column_1_1 1_1 fusion-flex-column\" style=\"--awb-bg-size:cover;--awb-width-large:100%;--awb-margin-top-large:0px;--awb-spacing-right-large:2.375%;--awb-margin-bottom-large:0px;--awb-spacing-left-large:2.375%;--awb-width-medium:100%;--awb-order-medium:0;--awb-spacing-right-medium:2.375%;--awb-spacing-left-medium:2.375%;--awb-width-small:100%;--awb-order-small:0;--awb-spacing-right-small:2.375%;--awb-spacing-left-small:2.375%;\"><div class=\"fusion-column-wrapper fusion-column-has-shadow fusion-flex-justify-content-flex-start fusion-content-layout-column\"><div class=\"fusion-separator fusion-full-width-sep\" style=\"align-self: center;margin-left: auto;margin-right: auto;margin-bottom:70px;width:100%;\"><\/div><div class=\"fusion-title title fusion-title-1 fusion-sep-none fusion-title-center fusion-title-text fusion-title-size-one\" style=\"--awb-text-color:#ffffff;\"><h1 class=\"fusion-title-heading title-heading-center\" style=\"margin:0;\">Instruccions d&#039;\u00fas<\/h1><\/div><div class=\"fusion-separator fusion-full-width-sep\" style=\"align-self: center;margin-left: auto;margin-right: auto;margin-bottom:70px;width:100%;\"><\/div><\/div><\/div><\/div><\/div><div class=\"fusion-fullwidth fullwidth-box fusion-builder-row-2 fusion-flex-container nonhundred-percent-fullwidth non-hundred-percent-height-scrolling\" style=\"--awb-border-radius-top-left:0px;--awb-border-radius-top-right:0px;--awb-border-radius-bottom-right:0px;--awb-border-radius-bottom-left:0px;--awb-flex-wrap:wrap;\" ><div class=\"fusion-builder-row fusion-row fusion-flex-align-items-flex-start fusion-flex-content-wrap\" style=\"max-width:1365px;margin-left: calc(-5% \/ 2 );margin-right: calc(-5% \/ 2 );\"><div class=\"fusion-layout-column fusion_builder_column fusion-builder-column-1 fusion_builder_column_1_1 1_1 fusion-flex-column\" style=\"--awb-bg-size:cover;--awb-width-large:100%;--awb-margin-top-large:0px;--awb-spacing-right-large:2.375%;--awb-margin-bottom-large:20px;--awb-spacing-left-large:2.375%;--awb-width-medium:100%;--awb-order-medium:0;--awb-spacing-right-medium:2.375%;--awb-spacing-left-medium:2.375%;--awb-width-small:100%;--awb-order-small:0;--awb-spacing-right-small:2.375%;--awb-spacing-left-small:2.375%;\"><div class=\"fusion-column-wrapper fusion-column-has-shadow fusion-flex-justify-content-flex-start fusion-content-layout-column\"><div class=\"fusion-text fusion-text-1\"><blockquote>\n<p>\u00c9S IMPORTANT PRESTAR ATENCI\u00d3 A LES SEG\u00dcENTS ADVERTIMENTS I PRECAUCIONS PER A UN CORRECT FUNCIONAMENT DEL DISPOSITIU<\/p>\n<\/blockquote>\n<\/div><\/div><\/div><div class=\"fusion-layout-column fusion_builder_column fusion-builder-column-2 fusion_builder_column_2_3 2_3 fusion-flex-column\" style=\"--awb-bg-size:cover;--awb-width-large:66.666666666667%;--awb-margin-top-large:0px;--awb-spacing-right-large:3.5625%;--awb-margin-bottom-large:20px;--awb-spacing-left-large:3.5625%;--awb-width-medium:66.666666666667%;--awb-order-medium:0;--awb-spacing-right-medium:3.5625%;--awb-spacing-left-medium:3.5625%;--awb-width-small:100%;--awb-order-small:0;--awb-spacing-right-small:2.375%;--awb-spacing-left-small:2.375%;\"><div class=\"fusion-column-wrapper fusion-column-has-shadow fusion-flex-justify-content-flex-start fusion-content-layout-column\"><div class=\"fusion-title title fusion-title-2 fusion-sep-none fusion-title-text fusion-title-size-four\"><h4 class=\"fusion-title-heading title-heading-left\" style=\"margin:0;\">RECOMANACIONS<\/h4><\/div><div class=\"fusion-text fusion-text-2\"><ul>\n<li>Col\u00b7loqueu sempre un recipient col\u00b7lector d&#039;aigua sota el conducte auditiu per al reg.<\/li>\n<li>Un cop acabada l&#039;extracci\u00f3 del tap de cera de l&#039;orella, s&#039;ha de treure la part frontal per netejar-la per dins. En el cas de reg de diversos pacients el mateix dia, es pot netejar al final.<\/li>\n<li>Probablement caldr\u00e0 m\u00e9s d&#039;un reg, per\u00f2 es recomana no regar m\u00e9s de 500 ml per sessi\u00f3.<\/li>\n<li>En cas de problemes amb l&#039;eliminaci\u00f3 completa del tap de cerumen despr\u00e9s d&#039;haver regat els 500 ml recomanats per sessi\u00f3, es recomana instal\u00b7lar suavitzants de cerumen al conducte auditiu i repetir el reg un altre dia.<\/li>\n<li>L&#039;esp\u00e9cul utilitzat per al reg \u00e9s d&#039;un sol \u00fas i intercanviable. El seu \u00fas en m\u00e9s d&#039;un pacient pot comportar riscos innecessaris.<\/li>\n<li>No utilitzeu els Lantitaps sense que tots els seus components estiguin correctament posicionats per evitar danyar el mecanisme del dispositiu aix\u00ed com possibles accidents per mal \u00fas.<\/li>\n<li>La garantia del producte no ser\u00e0 assumida per l&#039;empresa en cas d&#039;\u00fas indegut, com ara provar amb ell per a un \u00fas excepte en el que s&#039;estableix aqu\u00ed, reutilitzar el mateix esp\u00e9cul per a diferents pacients o no seguir cap dels procediments descrits en el manual d&#039;operacions.<\/li>\n<li>Quan un professional utilitza el Lantitaps per primera vegada, o l&#039;aparell no s&#039;utilitza amb freq\u00fc\u00e8ncia, es recomana omplir el dip\u00f2sit amb aigua i buidar-lo un parell de vegades fora de l&#039;entorn del pacient abans de regar l&#039;o\u00efda.<\/li>\n<\/ul>\n<\/div><div class=\"fusion-separator fusion-full-width-sep\" style=\"align-self: center;margin-left: auto;margin-right: auto;width:100%;\"><div class=\"fusion-separator-border sep-single sep-dotted\" style=\"--awb-height:20px;--awb-amount:20px;border-color:#e2e2e2;border-top-width:1px;\"><\/div><\/div><\/div><\/div><div class=\"fusion-layout-column fusion_builder_column fusion-builder-column-3 fusion_builder_column_1_3 1_3 fusion-flex-column\" style=\"--awb-bg-size:cover;--awb-width-large:33.333333333333%;--awb-margin-top-large:0px;--awb-spacing-right-large:7.125%;--awb-margin-bottom-large:20px;--awb-spacing-left-large:7.125%;--awb-width-medium:33.333333333333%;--awb-order-medium:0;--awb-spacing-right-medium:7.125%;--awb-spacing-left-medium:7.125%;--awb-width-small:100%;--awb-order-small:0;--awb-spacing-right-small:2.375%;--awb-spacing-left-small:2.375%;\"><div class=\"fusion-column-wrapper fusion-column-has-shadow fusion-flex-justify-content-flex-start fusion-content-layout-column\"><div class=\"fusion-video fusion-youtube\" style=\"--awb-max-width:600px;--awb-max-height:360px;\"><div class=\"video-shortcode\"><div class=\"fluid-width-video-wrapper\" style=\"padding-top:60%;\" ><iframe title=\"Reproductor de v\u00eddeo de YouTube 1\" src=\"https:\/\/www.youtube.com\/embed\/rgYpAm5ACBw?wmode=transparent&autoplay=0\" width=\"600\" height=\"360\" allowfullscreen allow=\"autoplay; fullscreen\"><\/iframe><\/div><\/div><\/div><div class=\"fusion-separator fusion-full-width-sep\" style=\"align-self: center;margin-left: auto;margin-right: auto;margin-top:10px;width:100%;\"><\/div><div class=\"fusion-text fusion-text-3 box-files\"><h4><i class=\"fas fa-file-alt\"><\/i>INSTRUCCIONS D&#039;\u00daS<\/h4>\n<ul>\n<li><a href=\"http:\/\/venturamedicaltechnologies.com\/wp-content\/uploads\/2019\/11\/Lantitaps-Warning-and-cautions-Unpacking.pdf\">Procediment de desembalatge i post-tractament<\/a><\/li>\n<li><a href=\"http:\/\/venturamedicaltechnologies.com\/wp-content\/uploads\/2019\/11\/Lantitaps-WARNINGS-AND-CAUTIONS-PROCEDURES-FOR-A-CORRECT-IRRIGATION-.pdf\">Procediment per a un reg adequat<\/a><\/li>\n<li><a href=\"http:\/\/venturamedicaltechnologies.com\/wp-content\/uploads\/2019\/11\/Lantitaps-Warnings-and-cautions-Pre-treatment-procedure-.pdf\">Procediment de pretractament<\/a><a href=\"http:\/\/venturamedicaltechnologies.com\/wp-content\/uploads\/2019\/11\/Advertencias-y-precauciones-Lantitaps-PROCEDIMIENTO-PRE-TRATAMIENTO-1-1.pdf\" target=\"_blank\" rel=\"noopener\"><br \/>\n<\/a><\/li>\n<li><a href=\"http:\/\/venturamedicaltechnologies.com\/wp-content\/uploads\/2019\/11\/Lantitaps-Warnings-and-cautions-Post-treatment-procedure-.pdf\">Procediment posterior al tractament<\/a><\/li>\n<li><a href=\"http:\/\/venturamedicaltechnologies.com\/ca\/lantitaps\/composition\/\">Composici\u00f3 de Lantitaps<\/a><\/li>\n<li>Lantitaps instal\u00b7lats per al reg<\/li>\n<li>Reg de l&#039;o\u00efda<\/li>\n<li><a href=\"http:\/\/venturamedicaltechnologies.com\/ca\/lantitaps\/\">Manteniment i neteja<\/a><\/li>\n<\/ul>\n<\/div><\/div><\/div><\/div><\/div><div class=\"fusion-fullwidth fullwidth-box fusion-builder-row-3 fusion-flex-container has-pattern-background has-mask-background three-blocks fusion-fullwidth-100percent nonhundred-percent-fullwidth non-hundred-percent-height-scrolling\" style=\"--awb-border-radius-top-left:0px;--awb-border-radius-top-right:0px;--awb-border-radius-bottom-right:0px;--awb-border-radius-bottom-left:0px;--awb-padding-top:80px;--awb-padding-bottom:60px;--awb-margin-top:0px;--awb-background-color:rgba(165,165,99,0.19);--awb-flex-wrap:wrap;\" ><div class=\"fusion-builder-row fusion-row fusion-flex-align-items-stretch fusion-flex-content-wrap\" style=\"max-width:calc( 1300px + 2.5vw );margin-left: calc(-2.5vw \/ 2 );margin-right: calc(-2.5vw \/ 2 );\"><div class=\"fusion-layout-column fusion_builder_column fusion-builder-column-4 fusion_builder_column_1_3 1_3 fusion-flex-column block-products fusion-animated\" style=\"--awb-padding-top:4vw;--awb-padding-right:2vw;--awb-padding-bottom:4vw;--awb-padding-left:2vw;--awb-padding-top-small:9vw;--awb-padding-right-small:4vw;--awb-padding-bottom-small:9vw;--awb-padding-left-small:4vw;--awb-overflow:hidden;--awb-bg-color:#31605f;--awb-bg-color-hover:#31605f;--awb-bg-size:cover;--awb-border-radius:60px 12px 60px 12px;--awb-width-large:33.333333333333%;--awb-margin-top-large:0px;--awb-spacing-right-large:1.25vw;--awb-margin-bottom-large:20px;--awb-spacing-left-large:1.25vw;--awb-width-medium:40%;--awb-order-medium:0;--awb-spacing-right-medium:1.25vw;--awb-spacing-left-medium:1.25vw;--awb-width-small:100%;--awb-order-small:0;--awb-spacing-right-small:1.25vw;--awb-margin-bottom-small:6vw;--awb-spacing-left-small:1.25vw;\" data-animationtype=\"fadeInUp\" data-animationduration=\"1.0\" data-animationoffset=\"top-into-view\"><div class=\"fusion-column-wrapper fusion-column-has-shadow fusion-flex-justify-content-center fusion-content-layout-column\"><div class=\"fusion-image-element\" style=\"text-align:center;--awb-margin-bottom:10px;--awb-caption-title-font-family:var(--h2_typography-font-family);--awb-caption-title-font-weight:var(--h2_typography-font-weight);--awb-caption-title-font-style:var(--h2_typography-font-style);--awb-caption-title-size:var(--h2_typography-font-size);--awb-caption-title-transform:var(--h2_typography-text-transform);--awb-caption-title-line-height:var(--h2_typography-line-height);--awb-caption-title-letter-spacing:var(--h2_typography-letter-spacing);\"><span class=\"fusion-imageframe imageframe-none imageframe-1 hover-type-none\"><img decoding=\"async\" width=\"57\" height=\"57\" title=\"pectus\" src=\"https:\/\/venturamedicaltechnologies.com\/wp-content\/uploads\/2021\/05\/pectus.png\" alt class=\"img-responsive wp-image-8281 disable-lazyload\"\/><\/span><\/div><div class=\"fusion-title title fusion-title-3 fusion-sep-none fusion-title-center fusion-title-text fusion-title-size-two\" style=\"--awb-text-color:#ffffff;--awb-font-size:32px;\"><h2 class=\"fusion-title-heading title-heading-center\" style=\"margin:0;font-size:1em;\">PECTUS UP<\/h2><\/div><div class=\"fusion-text fusion-text-4\" style=\"--awb-content-alignment:center;--awb-font-size:17px;--awb-line-height:1.9;--awb-text-color:#ffffff;\"><p>Pectus Excavatum \u00e9s una deformitat cong\u00e8nita de la caixa tor\u00e0cica caracteritzada per una forma c\u00f2ncava del t\u00f2rax.<\/p>\n<\/div><div style=\"text-align:center;\"><a class=\"fusion-button button-flat fusion-button-default-size button-custom fusion-button-default button-1 fusion-button-default-span fusion-button-default-type\" style=\"--button_accent_color:#ffffff;--button_accent_hover_color:#a66d3f;--button_border_hover_color:#a66d3f;--button_border_width-top:1px;--button_border_width-right:1px;--button_border_width-bottom:1px;--button_border_width-left:1px;--button_gradient_top_color:rgba(255,255,255,0);--button_gradient_bottom_color:rgba(255,255,255,0);--button_gradient_top_color_hover:#ffffff;--button_gradient_bottom_color_hover:#ffffff;--button_margin-top:20px;\" target=\"_self\" href=\"https:\/\/venturamedicaltechnologies.com\/ca\/products\/pectus-up\/\"><span class=\"fusion-button-text\">M\u00e9s informaci\u00f3<\/span><\/a><\/div><\/div><\/div><div class=\"fusion-layout-column fusion_builder_column fusion-builder-column-5 fusion_builder_column_1_3 1_3 fusion-flex-column block-products fusion-animated\" style=\"--awb-padding-top:4vw;--awb-padding-right:2vw;--awb-padding-bottom:4vw;--awb-padding-left:2vw;--awb-padding-top-small:9vw;--awb-padding-right-small:4vw;--awb-padding-bottom-small:9vw;--awb-padding-left-small:4vw;--awb-overflow:hidden;--awb-bg-color:rgba(96,49,92,0.86);--awb-bg-color-hover:rgba(96,49,92,0.86);--awb-bg-size:cover;--awb-border-radius:60px 12px 60px 12px;--awb-width-large:33.333333333333%;--awb-margin-top-large:0px;--awb-spacing-right-large:1.25vw;--awb-margin-bottom-large:20px;--awb-spacing-left-large:1.25vw;--awb-width-medium:40%;--awb-order-medium:0;--awb-spacing-right-medium:1.25vw;--awb-spacing-left-medium:1.25vw;--awb-width-small:100%;--awb-order-small:0;--awb-spacing-right-small:1.25vw;--awb-margin-bottom-small:6vw;--awb-spacing-left-small:1.25vw;\" data-animationtype=\"fadeInUp\" data-animationduration=\"1.5\" data-animationoffset=\"top-into-view\"><div class=\"fusion-column-wrapper fusion-column-has-shadow fusion-flex-justify-content-center fusion-content-layout-column\"><div class=\"fusion-image-element\" style=\"text-align:center;--awb-margin-bottom:10px;--awb-caption-title-font-family:var(--h2_typography-font-family);--awb-caption-title-font-weight:var(--h2_typography-font-weight);--awb-caption-title-font-style:var(--h2_typography-font-style);--awb-caption-title-size:var(--h2_typography-font-size);--awb-caption-title-transform:var(--h2_typography-text-transform);--awb-caption-title-line-height:var(--h2_typography-line-height);--awb-caption-title-letter-spacing:var(--h2_typography-letter-spacing);\"><span class=\"fusion-imageframe imageframe-none imageframe-2 hover-type-none\"><img decoding=\"async\" width=\"57\" height=\"57\" alt=\"Desarrollo de productos\" title=\"projecte\" src=\"https:\/\/venturamedicaltechnologies.com\/wp-content\/uploads\/2021\/05\/projecte.png\" class=\"img-responsive wp-image-1939 disable-lazyload\"\/><\/span><\/div><div class=\"fusion-title title fusion-title-4 fusion-sep-none fusion-title-center fusion-title-text fusion-title-size-two\" style=\"--awb-text-color:#ffffff;--awb-font-size:32px;\"><h2 class=\"fusion-title-heading title-heading-center\" style=\"margin:0;font-size:1em;\">HYPOSFIX<\/h2><\/div><div class=\"fusion-text fusion-text-5\" style=\"--awb-content-alignment:center;--awb-font-size:17px;--awb-line-height:1.9;--awb-text-color:#ffffff;\"><p>Tenim la capacitat tecnol\u00f2gica per innovar i desenvolupar nous dispositius m\u00e8dics en diferents especialitats.<\/p>\n<\/div><div style=\"text-align:center;\"><a class=\"fusion-button button-flat fusion-button-default-size button-custom fusion-button-default button-2 fusion-button-default-span fusion-button-default-type\" style=\"--button_accent_color:#ffffff;--button_accent_hover_color:#004c4c;--button_border_hover_color:#004c4c;--button_border_width-top:1px;--button_border_width-right:1px;--button_border_width-bottom:1px;--button_border_width-left:1px;--button_gradient_top_color:rgba(255,255,255,0);--button_gradient_bottom_color:rgba(255,255,255,0);--button_gradient_top_color_hover:#ffffff;--button_gradient_bottom_color_hover:#ffffff;--button_margin-top:20px;\" target=\"_self\" href=\"https:\/\/venturamedicaltechnologies.com\/ca\/hyposfix\/\"><span class=\"fusion-button-text\">M\u00e9s informaci\u00f3<\/span><\/a><\/div><\/div><\/div><div class=\"fusion-layout-column fusion_builder_column fusion-builder-column-6 fusion_builder_column_1_3 1_3 fusion-flex-column block-products fusion-animated\" style=\"--awb-padding-top:4vw;--awb-padding-right:2vw;--awb-padding-bottom:4vw;--awb-padding-left:2vw;--awb-padding-top-small:9vw;--awb-padding-right-small:4vw;--awb-padding-bottom-small:9vw;--awb-padding-left-small:4vw;--awb-overflow:hidden;--awb-bg-color:#f28914;--awb-bg-color-hover:#f28914;--awb-bg-size:cover;--awb-border-radius:60px 12px 60px 12px;--awb-width-large:33.333333333333%;--awb-margin-top-large:0px;--awb-spacing-right-large:1.25vw;--awb-margin-bottom-large:20px;--awb-spacing-left-large:1.25vw;--awb-width-medium:40%;--awb-order-medium:0;--awb-spacing-right-medium:1.25vw;--awb-spacing-left-medium:1.25vw;--awb-width-small:100%;--awb-order-small:0;--awb-spacing-right-small:1.25vw;--awb-margin-bottom-small:6vw;--awb-spacing-left-small:1.25vw;\" data-animationtype=\"fadeInUp\" data-animationduration=\"1.5\" data-animationoffset=\"top-into-view\"><div class=\"fusion-column-wrapper fusion-column-has-shadow fusion-flex-justify-content-center fusion-content-layout-column\"><div class=\"fusion-image-element\" style=\"text-align:center;--awb-margin-bottom:10px;--awb-caption-title-font-family:var(--h2_typography-font-family);--awb-caption-title-font-weight:var(--h2_typography-font-weight);--awb-caption-title-font-style:var(--h2_typography-font-style);--awb-caption-title-size:var(--h2_typography-font-size);--awb-caption-title-transform:var(--h2_typography-text-transform);--awb-caption-title-line-height:var(--h2_typography-line-height);--awb-caption-title-letter-spacing:var(--h2_typography-letter-spacing);\"><span class=\"fusion-imageframe imageframe-none imageframe-3 hover-type-none\"><img decoding=\"async\" width=\"57\" height=\"57\" alt=\"Lantitaps\" title=\"aixetes\" src=\"https:\/\/venturamedicaltechnologies.com\/wp-content\/uploads\/2021\/05\/taps.png\" class=\"img-responsive wp-image-1942 disable-lazyload\"\/><\/span><\/div><div class=\"fusion-title title fusion-title-5 fusion-sep-none fusion-title-center fusion-title-text fusion-title-size-two\" style=\"--awb-text-color:#ffffff;--awb-font-size:32px;\"><h2 class=\"fusion-title-heading title-heading-center\" style=\"margin:0;font-size:1em;\">LANTITAPS<\/h2><\/div><div class=\"fusion-text fusion-text-6\" style=\"--awb-content-alignment:center;--awb-font-size:17px;--awb-line-height:1.9;--awb-text-color:#ffffff;\"><p>Hem desenvolupat un nou dispositiu que permet eliminar els taps de cerumen del conducte auditiu.<\/p>\n<\/div><div style=\"text-align:center;\"><a class=\"fusion-button button-flat fusion-button-default-size button-custom fusion-button-default button-3 fusion-button-default-span fusion-button-default-type\" style=\"--button_accent_color:#ffffff;--button_accent_hover_color:#004c4c;--button_border_hover_color:#004c4c;--button_border_width-top:1px;--button_border_width-right:1px;--button_border_width-bottom:1px;--button_border_width-left:1px;--button_gradient_top_color:rgba(255,255,255,0);--button_gradient_bottom_color:rgba(255,255,255,0);--button_gradient_top_color_hover:#ffffff;--button_gradient_bottom_color_hover:#ffffff;--button_margin-top:20px;\" target=\"_self\" href=\"https:\/\/venturamedicaltechnologies.com\/ca\/lantitaps\/\"><span class=\"fusion-button-text\">M\u00e9s informaci\u00f3<\/span><\/a><\/div><\/div><\/div><\/div><\/div>\n<div class=\"fusion-fullwidth fullwidth-box fusion-builder-row-4 fusion-flex-container nonhundred-percent-fullwidth non-hundred-percent-height-scrolling\" style=\"--awb-border-radius-top-left:0px;--awb-border-radius-top-right:0px;--awb-border-radius-bottom-right:0px;--awb-border-radius-bottom-left:0px;--awb-padding-bottom:0px;--awb-padding-top-small:0px;--awb-padding-right-small:12vw;--awb-padding-bottom-small:12vw;--awb-padding-left-small:12vw;--awb-margin-top:40px;--awb-margin-bottom:-70px;--awb-flex-wrap:wrap;\" ><\/div>\n<\/p>","protected":false},"excerpt":{"rendered":"","protected":false},"author":1,"featured_media":0,"parent":0,"menu_order":0,"comment_status":"closed","ping_status":"closed","template":"100-width-Lantitaps.php","meta":{"footnotes":""},"class_list":["post-10913","page","type-page","status-publish","hentry"],"yoast_head":"<!-- This site is optimized with the Yoast SEO plugin v27.2 - https:\/\/yoast.com\/product\/yoast-seo-wordpress\/ -->\n<title>Instructions for use - Ventura Medical Technologies<\/title>\n<meta name=\"robots\" content=\"index, follow, max-snippet:-1, max-image-preview:large, max-video-preview:-1\" \/>\n<link rel=\"canonical\" href=\"https:\/\/venturamedicaltechnologies.com\/ca\/instructions-for-use\/\" \/>\n<meta property=\"og:locale\" content=\"ca_ES\" \/>\n<meta property=\"og:type\" content=\"article\" \/>\n<meta property=\"og:title\" content=\"Instructions for use - Ventura Medical Technologies\" \/>\n<meta property=\"og:url\" content=\"https:\/\/venturamedicaltechnologies.com\/ca\/instructions-for-use\/\" \/>\n<meta property=\"og:site_name\" content=\"Ventura Medical Technologies\" \/>\n<meta property=\"article:modified_time\" content=\"2025-06-23T09:11:06+00:00\" \/>\n<meta name=\"twitter:card\" content=\"summary_large_image\" \/>\n<meta name=\"twitter:label1\" content=\"Temps estimat de lectura\" \/>\n\t<meta name=\"twitter:data1\" content=\"12 minuts\" \/>\n<script type=\"application\/ld+json\" class=\"yoast-schema-graph\">{\"@context\":\"https:\/\/schema.org\",\"@graph\":[{\"@type\":\"WebPage\",\"@id\":\"https:\/\/venturamedicaltechnologies.com\/ca\/instructions-for-use\/\",\"url\":\"https:\/\/venturamedicaltechnologies.com\/ca\/instructions-for-use\/\",\"name\":\"Instructions for use - Ventura Medical Technologies\",\"isPartOf\":{\"@id\":\"https:\/\/venturamedicaltechnologies.com\/ca\/#website\"},\"datePublished\":\"2021-05-19T10:55:16+00:00\",\"dateModified\":\"2025-06-23T09:11:06+00:00\",\"breadcrumb\":{\"@id\":\"https:\/\/venturamedicaltechnologies.com\/ca\/instructions-for-use\/#breadcrumb\"},\"inLanguage\":\"ca\",\"potentialAction\":[{\"@type\":\"ReadAction\",\"target\":[\"https:\/\/venturamedicaltechnologies.com\/ca\/instructions-for-use\/\"]}]},{\"@type\":\"BreadcrumbList\",\"@id\":\"https:\/\/venturamedicaltechnologies.com\/ca\/instructions-for-use\/#breadcrumb\",\"itemListElement\":[{\"@type\":\"ListItem\",\"position\":1,\"name\":\"Home\",\"item\":\"https:\/\/venturamedicaltechnologies.com\/\"},{\"@type\":\"ListItem\",\"position\":2,\"name\":\"Instructions for use\"}]},{\"@type\":\"WebSite\",\"@id\":\"https:\/\/venturamedicaltechnologies.com\/ca\/#website\",\"url\":\"https:\/\/venturamedicaltechnologies.com\/ca\/\",\"name\":\"Ventura Medical Technologies\",\"description\":\"Desarrollo de productos m\u00e9dicos\",\"potentialAction\":[{\"@type\":\"SearchAction\",\"target\":{\"@type\":\"EntryPoint\",\"urlTemplate\":\"https:\/\/venturamedicaltechnologies.com\/ca\/?s={search_term_string}\"},\"query-input\":{\"@type\":\"PropertyValueSpecification\",\"valueRequired\":true,\"valueName\":\"search_term_string\"}}],\"inLanguage\":\"ca\"}]}<\/script>\n<!-- \/ Yoast SEO plugin. -->","yoast_head_json":{"title":"Instructions for use - Ventura Medical Technologies","robots":{"index":"index","follow":"follow","max-snippet":"max-snippet:-1","max-image-preview":"max-image-preview:large","max-video-preview":"max-video-preview:-1"},"canonical":"https:\/\/venturamedicaltechnologies.com\/ca\/instructions-for-use\/","og_locale":"ca_ES","og_type":"article","og_title":"Instructions for use - Ventura Medical Technologies","og_url":"https:\/\/venturamedicaltechnologies.com\/ca\/instructions-for-use\/","og_site_name":"Ventura Medical Technologies","article_modified_time":"2025-06-23T09:11:06+00:00","twitter_card":"summary_large_image","twitter_misc":{"Temps estimat de lectura":"12 minuts"},"schema":{"@context":"https:\/\/schema.org","@graph":[{"@type":"WebPage","@id":"https:\/\/venturamedicaltechnologies.com\/ca\/instructions-for-use\/","url":"https:\/\/venturamedicaltechnologies.com\/ca\/instructions-for-use\/","name":"Instructions for use - Ventura Medical Technologies","isPartOf":{"@id":"https:\/\/venturamedicaltechnologies.com\/ca\/#website"},"datePublished":"2021-05-19T10:55:16+00:00","dateModified":"2025-06-23T09:11:06+00:00","breadcrumb":{"@id":"https:\/\/venturamedicaltechnologies.com\/ca\/instructions-for-use\/#breadcrumb"},"inLanguage":"ca","potentialAction":[{"@type":"ReadAction","target":["https:\/\/venturamedicaltechnologies.com\/ca\/instructions-for-use\/"]}]},{"@type":"BreadcrumbList","@id":"https:\/\/venturamedicaltechnologies.com\/ca\/instructions-for-use\/#breadcrumb","itemListElement":[{"@type":"ListItem","position":1,"name":"Home","item":"https:\/\/venturamedicaltechnologies.com\/"},{"@type":"ListItem","position":2,"name":"Instructions for use"}]},{"@type":"WebSite","@id":"https:\/\/venturamedicaltechnologies.com\/ca\/#website","url":"https:\/\/venturamedicaltechnologies.com\/ca\/","name":"Ventura Medical Technologies","description":"Desenvolupament de productes m\u00e8dics","potentialAction":[{"@type":"SearchAction","target":{"@type":"EntryPoint","urlTemplate":"https:\/\/venturamedicaltechnologies.com\/ca\/?s={search_term_string}"},"query-input":{"@type":"PropertyValueSpecification","valueRequired":true,"valueName":"search_term_string"}}],"inLanguage":"ca"}]}},"_links":{"self":[{"href":"https:\/\/venturamedicaltechnologies.com\/ca\/wp-json\/wp\/v2\/pages\/10913","targetHints":{"allow":["GET"]}}],"collection":[{"href":"https:\/\/venturamedicaltechnologies.com\/ca\/wp-json\/wp\/v2\/pages"}],"about":[{"href":"https:\/\/venturamedicaltechnologies.com\/ca\/wp-json\/wp\/v2\/types\/page"}],"author":[{"embeddable":true,"href":"https:\/\/venturamedicaltechnologies.com\/ca\/wp-json\/wp\/v2\/users\/1"}],"replies":[{"embeddable":true,"href":"https:\/\/venturamedicaltechnologies.com\/ca\/wp-json\/wp\/v2\/comments?post=10913"}],"version-history":[{"count":3,"href":"https:\/\/venturamedicaltechnologies.com\/ca\/wp-json\/wp\/v2\/pages\/10913\/revisions"}],"predecessor-version":[{"id":13435,"href":"https:\/\/venturamedicaltechnologies.com\/ca\/wp-json\/wp\/v2\/pages\/10913\/revisions\/13435"}],"wp:attachment":[{"href":"https:\/\/venturamedicaltechnologies.com\/ca\/wp-json\/wp\/v2\/media?parent=10913"}],"curies":[{"name":"wp","href":"https:\/\/api.w.org\/{rel}","templated":true}]}}