{"id":12340,"date":"2021-03-19T08:41:39","date_gmt":"2021-03-19T08:41:39","guid":{"rendered":"https:\/\/venturamedicaltechnologies.com\/politica-privacidad\/"},"modified":"2023-09-20T11:15:17","modified_gmt":"2023-09-20T11:15:17","slug":"privacy-policy","status":"publish","type":"page","link":"https:\/\/venturamedicaltechnologies.com\/ca\/privacy-policy\/","title":{"rendered":"Pol\u00edtica de privacitat"},"content":{"rendered":"<p><div class=\"fusion-fullwidth fullwidth-box fusion-builder-row-1 fusion-flex-container fusion-parallax-none nonhundred-percent-fullwidth non-hundred-percent-height-scrolling lazyload\" style=\"--awb-border-radius-top-left:0px;--awb-border-radius-top-right:0px;--awb-border-radius-bottom-right:0px;--awb-border-radius-bottom-left:0px;--awb-margin-bottom:20px;--awb-background-size:cover;--awb-flex-wrap:wrap;\" data-bg=\"https:\/\/venturamedicaltechnologies.com\/wp-content\/uploads\/2023\/06\/Portada-web-Pectus-UP-sense-text-3.png\" ><div class=\"fusion-builder-row fusion-row fusion-flex-align-items-flex-start fusion-flex-content-wrap\" style=\"max-width:1365px;margin-left: calc(-5% \/ 2 );margin-right: calc(-5% \/ 2 );\"><div class=\"fusion-layout-column fusion_builder_column fusion-builder-column-0 fusion_builder_column_1_1 1_1 fusion-flex-column\" style=\"--awb-bg-size:cover;--awb-width-large:100%;--awb-margin-top-large:0px;--awb-spacing-right-large:2.375%;--awb-margin-bottom-large:0px;--awb-spacing-left-large:2.375%;--awb-width-medium:100%;--awb-order-medium:0;--awb-spacing-right-medium:2.375%;--awb-spacing-left-medium:2.375%;--awb-width-small:100%;--awb-order-small:0;--awb-spacing-right-small:2.375%;--awb-spacing-left-small:2.375%;\"><div class=\"fusion-column-wrapper fusion-column-has-shadow fusion-flex-justify-content-flex-start fusion-content-layout-column\"><div class=\"fusion-separator fusion-full-width-sep\" style=\"align-self: center;margin-left: auto;margin-right: auto;margin-bottom:70px;width:100%;\"><\/div><div class=\"fusion-title title fusion-title-1 fusion-sep-none fusion-title-center fusion-title-text fusion-title-size-one\" style=\"--awb-text-color:#ffffff;\"><h1 class=\"fusion-title-heading title-heading-center\" style=\"margin:0;\">Pol\u00edtica de privacitat<\/h1><\/div><div class=\"fusion-separator fusion-full-width-sep\" style=\"align-self: center;margin-left: auto;margin-right: auto;margin-bottom:70px;width:100%;\"><\/div><\/div><\/div><\/div><\/div><div class=\"fusion-fullwidth fullwidth-box fusion-builder-row-2 fusion-flex-container nonhundred-percent-fullwidth non-hundred-percent-height-scrolling\" style=\"--awb-border-radius-top-left:0px;--awb-border-radius-top-right:0px;--awb-border-radius-bottom-right:0px;--awb-border-radius-bottom-left:0px;--awb-flex-wrap:wrap;\" ><div class=\"fusion-builder-row fusion-row fusion-flex-align-items-flex-start fusion-flex-content-wrap\" style=\"max-width:1365px;margin-left: calc(-5% \/ 2 );margin-right: calc(-5% \/ 2 );\"><div class=\"fusion-layout-column fusion_builder_column fusion-builder-column-1 fusion_builder_column_1_1 1_1 fusion-flex-column\" style=\"--awb-bg-size:cover;--awb-width-large:100%;--awb-margin-top-large:0px;--awb-spacing-right-large:2.375%;--awb-margin-bottom-large:0px;--awb-spacing-left-large:2.375%;--awb-width-medium:100%;--awb-spacing-right-medium:2.375%;--awb-spacing-left-medium:2.375%;--awb-width-small:100%;--awb-spacing-right-small:2.375%;--awb-spacing-left-small:2.375%;\"><div class=\"fusion-column-wrapper fusion-flex-justify-content-flex-start fusion-content-layout-column\"><div class=\"fusion-text fusion-text-1\"><div class=\"col-md-12\">\n<div class=\"cos\">\n<div class=\"cos\">\n<p style=\"text-align: justify;\"><strong><u>RESPONSABLE DEL TRACTAMENT<\/u><\/strong>: L&#039;INFORMEM QUE EL RESPONSABLE DEL TRACTAMENT \u00c9S VENTURA MEDICAL TECHNOLOGIES, SL (B65316341)<\/p>\n<p>PER A QUALSEVOL PREGUNTA, QUEIXA O SUGGERIMENT RESPECTE A LA TRAMITACI\u00d3 I EL REGISTRE DE LES OPERACIONS DE TRAMITACI\u00d3, POSEU-SE EN CONTACTE AMB EL DPO.<\/p>\n<p>DADES DE CONTACTE DEL RESPONSABLE DE PROTECCI\u00d3 DE DADES: BROTHERS DATA PROTECTION COMPLIANCE SL, AVENIDA RABASSAIRES, 28 1\u00aa, 08100 MOLLET DEL VALL\u00c9S, MOLLET DEL VALL\u00c9S \u2013 <span style=\"color: rgb(0, 76, 76);\">admin@bdpcompliance.com<\/span><\/p>\n<p style=\"text-align: justify;\"><strong><u>PROP\u00d2SIT<\/u><\/strong>: GESTI\u00d3 LA RELACI\u00d3 ENTRE METGES, PACIENTS I ENTITATS, AIX\u00cd COM LA PRESTACI\u00d3 DELS NOSTRES SERVEIS; GESTI\u00d3 DE PROVE\u00cfDORS; GESTI\u00d3 DE CONTACTES DE CLIENTS I EMPRESA POTENCIALS; ENVIAMENT DE COMUNICACIONS EN QUALSEVOL FORMAT (INCLOSA L&#039;ELECTR\u00d2NICA) DEL NOSTRE BUTLLET\u00cd, NOT\u00cdCIES, ESDEVENIMENTS I INFORMACI\u00d3 QUE POT SER DEL TU INTER\u00c9S; RESOLVEU LES VOSTRES CONSULTES I COMPLEIXEU LES SEVES DEMANDES A TRAV\u00c9S DE LA WEB; MANTENIMENT DE LES LLISTES ACTUALITZADES PER NO SER CONTACTAR A LA SEVA SOL\u00b7LICITUD; PERMETRE EL FUNCIONAMENT DEL NOSTRE LLOC WEB \/ APLICACIONS A TRAV\u00c9S DE COOKIES T\u00c8CNIQUES I FUNCIONALS; RECOLLIDA D&#039;ESTAD\u00cdSTIQUES.<\/p>\n<p style=\"text-align: justify;\"><strong><u>LEGITIMACI\u00d3<\/u><\/strong>: CONSENTIMENT EXPRES, CUMPLIMENT D&#039;UNA RELACI\u00d3 CONTRACTUAL I INTER\u00c9S LEG\u00cdTIM.<\/p>\n<p style=\"text-align: justify;\"><strong><u>EXERCICI DE DRETS<\/u><\/strong>: LIMITACI\u00d3 DEL TRACTAMENT DE LES DADES, PORTABILITAT, ACC\u00c9S, RECTIFICACI\u00d3, CANCEL\u00b7LACI\u00d3 I OPOSICI\u00d3 A <a href=\"http:\/\/web.archive.org\/web\/20220125052025\/mailto:RGPD@VENTURAMEDICALTECHNOLOGIES.COM\">INFO@VENTURA<span style=\"color: rgb(0, 76, 76);\">MEDICALTE<\/span>CHNOLOGIES.COM<\/a><\/p>\n<p style=\"text-align: justify;\">En compliment del que disposa el REGLAMENT (UE) 2016\/679 DEL PARLAMENT EUROPEU I DEL CONSELL de 27 d&#039;abril de 2016 (d&#039;ara endavant, \u201cRGPD\u201d) relatiu a la protecci\u00f3 de les persones f\u00edsiques pel que fa al tractament de dades personals i a la lliure circulaci\u00f3, VENTURA MEDICAL TECHNOLOGIES, SL (d&#039;ara endavant VENTURA MEDICAL) l&#039;informa com a RESPONSABLE DEL TRACTAMENT que totes les dades personals que ens faciliti a trav\u00e9s de s&#039;incorporar\u00e0 a un fitxer de dades conservat sota estrictes mesures de seguretat i confidencialitat, i romandr\u00e0 emmagatzemat mentre atenem les seves sol\u00b7licituds o consultes, mentre hi hagi una relaci\u00f3 de servei actual, o fins que ens indiqui el contrari.<\/p>\n<p style=\"text-align: justify;\">Les finalitats de les operacions de tractament de dades realitzades per VENTURA MEDICAL com a responsable del tractament de dades s\u00f3n exclusivament les de gestionar la relaci\u00f3 entre metges, pacients i entitats, aix\u00ed com la prestaci\u00f3 dels nostres serveis; gesti\u00f3 de prove\u00efdors; gesti\u00f3 de clients potencials i contactes de l&#039;empresa; enviament de comunicacions en qualsevol format (incl\u00f2s l&#039;electr\u00f2nic) del nostre butllet\u00ed, not\u00edcies, esdeveniments i informaci\u00f3 que pugui ser del vostre inter\u00e8s; resoldre les teves consultes i satisfer les teves demandes via web; manteniment de les llistes actualitzades per tal de no ser contactat segons la vostra sol\u00b7licitud; permetre el funcionament del nostre lloc web\/aplicacions mitjan\u00e7ant cookies t\u00e8cniques i funcionals; i recollida d&#039;estad\u00edstiques.<\/p>\n<p>Quant de temps conservarem les teves dades personals?<\/p>\n<p>Es conservaran durant no m\u00e9s temps del necessari per mantenir la finalitat del tractament o existeixin prescripcions legals que en dictin la cust\u00f2dia i quan ja no sigui necessari per a aquesta finalitat, s&#039;eliminaran amb les mesures de seguretat adequades per garantir l&#039;anonimat dels les dades o la destrucci\u00f3 total de les dades.<\/p>\n<p>A qui comuniquem les vostres dades personals?<\/p>\n<p>No es preveu la comunicaci\u00f3 de dades personals a tercers, excepte, si \u00e9s necessari per al desenvolupament i execuci\u00f3 de les finalitats del tractament, als nostres prove\u00efdors de serveis relacionats amb les comunicacions, amb els quals el RESPONSABLE hagi subscrit els contractes de confidencialitat i encarregat de les dades exigits per la normativa vigent. normativa de privadesa.<\/p>\n<p style=\"text-align: justify;\">La base legal per al tractament de dades \u00e9s la RELACI\u00d3 CONTRACTUAL I L&#039;INTER\u00c8S LEG\u00cdTIM per a la gesti\u00f3 de la relaci\u00f3 entre metges, pacients i entitats, aix\u00ed com la prestaci\u00f3 dels nostres serveis; gesti\u00f3 de prove\u00efdors; gesti\u00f3 de clients potencials i contactes de l&#039;empresa; resoldre les seves consultes i satisfer les seves demandes a trav\u00e9s de la nostra web; CONSENTIMENT EXPRESS per a l&#039;enviament de comunicacions en qualsevol format (incl\u00f2s electr\u00f2nic), del nostre butllet\u00ed, not\u00edcies, esdeveniments i informaci\u00f3 que puguin ser del vostre inter\u00e8s: CONSENTIMENT EXPRESS; CUMPLIMENT D&#039;UNA OBLIGACI\u00d3 LEGAL per al manteniment de les llistes actualitzades per tal de no ser contactat sota la seva sol\u00b7licitud; i l&#039;INTER\u00c8S LEG\u00cdTIM per permetre el funcionament del nostre lloc web\/aplicacions mitjan\u00e7ant cookies t\u00e8cniques i funcionals, i recollida d&#039;estad\u00edstiques.<\/p>\n<p style=\"text-align: justify;\">La categoria de dades recollides correspon a dades merament identificatives, adreces postals o electr\u00f2niques, informaci\u00f3 de mercat i econ\u00f2mica, caracter\u00edstiques personals.<\/p>\n<p style=\"text-align: justify;\">Tot i que no se&#039;ns informa el contrari, assumim que les dades facilitades no han estat modificades, que vost\u00e8 es compromet a notificar-nos qualsevol variaci\u00f3 i que tenim el seu consentiment per utilitzar-les per a les finalitats esmentades anteriorment.<\/p>\n<p style=\"text-align: justify;\">L&#039;informem que l&#039;\u00fas dels formularis disponibles a es limita als usuaris majors d&#039;edat, per tant, en utilitzar qualsevol d&#039;ells garanteix el compliment d&#039;aquest requisit i accepta les conseq\u00fc\u00e8ncies que es puguin derivar en qualsevol altre cas. Els formularis disponibles es poden omplir en l&#039;idioma que trieu, no obstant aix\u00f2, VENTURA MEDICAL no es fa responsable dels errors o de la impossibilitat d&#039;atendre la vostra sol\u00b7licitud a causa de l&#039;\u00fas d&#039;un idioma inadequat. L&#039;ompliment dels formularis, aix\u00ed com qualsevol altre q\u00fcestionari que es pugui facilitar en el futur, \u00e9s totalment facultatiu, no obstant aix\u00f2, la negativa a facilitar determinada informaci\u00f3 pot implicar la impossibilitat d&#039;atendre la seva sol\u00b7licitud.<\/p>\n<p style=\"text-align: justify;\">VENTURA MEDICAL aplica els nivells de seguretat legalment exigits en mat\u00e8ria de protecci\u00f3 de dades personals, i es proposa instal\u00b7lar aquells mitjans o mesures t\u00e8cniques addicionals disponibles per evitar la p\u00e8rdua, mal \u00fas, alteraci\u00f3, acc\u00e9s no autoritzat i robatori de les dades personals facilitades, i per aix\u00f2 garantim la m\u00e0xima confidencialitat en el seu tractament, confirmant que no es far\u00e0 cap cessi\u00f3 a tercers.<\/p>\n<p style=\"text-align: justify;\">En enviar volunt\u00e0riament les seves dades, CONSENTI EXPRESSAMENT al seu tractament automatitzat o no per part de VENTURA MEDICAL, aix\u00ed com la seva comunicaci\u00f3 a entitats la connexi\u00f3 de les seves dades sigui necess\u00e0ria o legalment vinculant, i en el cas de comunicacions comercials via correu electr\u00f2nic o mitj\u00e0 equivalent. , accepteu expressament la seva recepci\u00f3.<\/p>\n<p style=\"text-align: justify;\">El consentiment atorgat podr\u00e0 ser revocat en qualsevol moment mitjan\u00e7ant l&#039;exercici dels drets de limitaci\u00f3 del tractament, portabilitat de les dades, acc\u00e9s, rectificaci\u00f3, supressi\u00f3 i oposici\u00f3, garantits per VENTURA MEDICAL, dirigint-se per escrit a <a href=\"http:\/\/web.archive.org\/web\/20220125052025\/mailto:rgpd@venturamedicaltechnologies.com\">info@venturamedicaltechnologies.com<\/a>.<\/p>\n<p style=\"text-align: justify;\">\n<\/div>\n<\/div>\n<\/div>\n<\/div><\/div><\/div><\/div><\/div><\/p>","protected":false},"excerpt":{"rendered":"","protected":false},"author":1,"featured_media":0,"parent":0,"menu_order":0,"comment_status":"closed","ping_status":"closed","template":"100-width.php","meta":{"footnotes":""},"class_list":["post-12340","page","type-page","status-publish","hentry"],"yoast_head":"<!-- This site is optimized with the Yoast SEO plugin v27.3 - https:\/\/yoast.com\/product\/yoast-seo-wordpress\/ -->\n<title>Privacy Policy - Ventura Medical Technologies<\/title>\n<meta name=\"robots\" content=\"index, follow, max-snippet:-1, max-image-preview:large, max-video-preview:-1\" \/>\n<link rel=\"canonical\" href=\"https:\/\/venturamedicaltechnologies.com\/ca\/privacy-policy\/\" \/>\n<meta property=\"og:locale\" content=\"ca_ES\" \/>\n<meta property=\"og:type\" content=\"article\" \/>\n<meta property=\"og:title\" content=\"Privacy Policy - Ventura Medical Technologies\" \/>\n<meta property=\"og:url\" content=\"https:\/\/venturamedicaltechnologies.com\/ca\/privacy-policy\/\" \/>\n<meta property=\"og:site_name\" content=\"Ventura Medical Technologies\" \/>\n<meta property=\"article:modified_time\" content=\"2023-09-20T11:15:17+00:00\" \/>\n<meta name=\"twitter:card\" content=\"summary_large_image\" \/>\n<meta name=\"twitter:label1\" content=\"Temps estimat de lectura\" \/>\n\t<meta name=\"twitter:data1\" content=\"5 minuts\" \/>\n<script type=\"application\/ld+json\" class=\"yoast-schema-graph\">{\"@context\":\"https:\\\/\\\/schema.org\",\"@graph\":[{\"@type\":\"WebPage\",\"@id\":\"https:\\\/\\\/venturamedicaltechnologies.com\\\/ca\\\/privacy-policy\\\/\",\"url\":\"https:\\\/\\\/venturamedicaltechnologies.com\\\/ca\\\/privacy-policy\\\/\",\"name\":\"Privacy Policy - Ventura Medical Technologies\",\"isPartOf\":{\"@id\":\"https:\\\/\\\/venturamedicaltechnologies.com\\\/ca\\\/#website\"},\"datePublished\":\"2021-03-19T08:41:39+00:00\",\"dateModified\":\"2023-09-20T11:15:17+00:00\",\"breadcrumb\":{\"@id\":\"https:\\\/\\\/venturamedicaltechnologies.com\\\/ca\\\/privacy-policy\\\/#breadcrumb\"},\"inLanguage\":\"ca\",\"potentialAction\":[{\"@type\":\"ReadAction\",\"target\":[\"https:\\\/\\\/venturamedicaltechnologies.com\\\/ca\\\/privacy-policy\\\/\"]}]},{\"@type\":\"BreadcrumbList\",\"@id\":\"https:\\\/\\\/venturamedicaltechnologies.com\\\/ca\\\/privacy-policy\\\/#breadcrumb\",\"itemListElement\":[{\"@type\":\"ListItem\",\"position\":1,\"name\":\"Home\",\"item\":\"https:\\\/\\\/venturamedicaltechnologies.com\\\/\"},{\"@type\":\"ListItem\",\"position\":2,\"name\":\"Privacy Policy\"}]},{\"@type\":\"WebSite\",\"@id\":\"https:\\\/\\\/venturamedicaltechnologies.com\\\/ca\\\/#website\",\"url\":\"https:\\\/\\\/venturamedicaltechnologies.com\\\/ca\\\/\",\"name\":\"Ventura Medical Technologies\",\"description\":\"Desarrollo de productos m\u00e9dicos\",\"potentialAction\":[{\"@type\":\"SearchAction\",\"target\":{\"@type\":\"EntryPoint\",\"urlTemplate\":\"https:\\\/\\\/venturamedicaltechnologies.com\\\/ca\\\/?s={search_term_string}\"},\"query-input\":{\"@type\":\"PropertyValueSpecification\",\"valueRequired\":true,\"valueName\":\"search_term_string\"}}],\"inLanguage\":\"ca\"}]}<\/script>\n<!-- \/ Yoast SEO plugin. -->","yoast_head_json":{"title":"Privacy Policy - Ventura Medical Technologies","robots":{"index":"index","follow":"follow","max-snippet":"max-snippet:-1","max-image-preview":"max-image-preview:large","max-video-preview":"max-video-preview:-1"},"canonical":"https:\/\/venturamedicaltechnologies.com\/ca\/privacy-policy\/","og_locale":"ca_ES","og_type":"article","og_title":"Privacy Policy - Ventura Medical Technologies","og_url":"https:\/\/venturamedicaltechnologies.com\/ca\/privacy-policy\/","og_site_name":"Ventura Medical Technologies","article_modified_time":"2023-09-20T11:15:17+00:00","twitter_card":"summary_large_image","twitter_misc":{"Temps estimat de lectura":"5 minuts"},"schema":{"@context":"https:\/\/schema.org","@graph":[{"@type":"WebPage","@id":"https:\/\/venturamedicaltechnologies.com\/ca\/privacy-policy\/","url":"https:\/\/venturamedicaltechnologies.com\/ca\/privacy-policy\/","name":"Privacy Policy - Ventura Medical Technologies","isPartOf":{"@id":"https:\/\/venturamedicaltechnologies.com\/ca\/#website"},"datePublished":"2021-03-19T08:41:39+00:00","dateModified":"2023-09-20T11:15:17+00:00","breadcrumb":{"@id":"https:\/\/venturamedicaltechnologies.com\/ca\/privacy-policy\/#breadcrumb"},"inLanguage":"ca","potentialAction":[{"@type":"ReadAction","target":["https:\/\/venturamedicaltechnologies.com\/ca\/privacy-policy\/"]}]},{"@type":"BreadcrumbList","@id":"https:\/\/venturamedicaltechnologies.com\/ca\/privacy-policy\/#breadcrumb","itemListElement":[{"@type":"ListItem","position":1,"name":"Home","item":"https:\/\/venturamedicaltechnologies.com\/"},{"@type":"ListItem","position":2,"name":"Privacy Policy"}]},{"@type":"WebSite","@id":"https:\/\/venturamedicaltechnologies.com\/ca\/#website","url":"https:\/\/venturamedicaltechnologies.com\/ca\/","name":"Ventura Medical Technologies","description":"Desenvolupament de productes m\u00e8dics","potentialAction":[{"@type":"SearchAction","target":{"@type":"EntryPoint","urlTemplate":"https:\/\/venturamedicaltechnologies.com\/ca\/?s={search_term_string}"},"query-input":{"@type":"PropertyValueSpecification","valueRequired":true,"valueName":"search_term_string"}}],"inLanguage":"ca"}]}},"_links":{"self":[{"href":"https:\/\/venturamedicaltechnologies.com\/ca\/wp-json\/wp\/v2\/pages\/12340","targetHints":{"allow":["GET"]}}],"collection":[{"href":"https:\/\/venturamedicaltechnologies.com\/ca\/wp-json\/wp\/v2\/pages"}],"about":[{"href":"https:\/\/venturamedicaltechnologies.com\/ca\/wp-json\/wp\/v2\/types\/page"}],"author":[{"embeddable":true,"href":"https:\/\/venturamedicaltechnologies.com\/ca\/wp-json\/wp\/v2\/users\/1"}],"replies":[{"embeddable":true,"href":"https:\/\/venturamedicaltechnologies.com\/ca\/wp-json\/wp\/v2\/comments?post=12340"}],"version-history":[{"count":6,"href":"https:\/\/venturamedicaltechnologies.com\/ca\/wp-json\/wp\/v2\/pages\/12340\/revisions"}],"predecessor-version":[{"id":12356,"href":"https:\/\/venturamedicaltechnologies.com\/ca\/wp-json\/wp\/v2\/pages\/12340\/revisions\/12356"}],"wp:attachment":[{"href":"https:\/\/venturamedicaltechnologies.com\/ca\/wp-json\/wp\/v2\/media?parent=12340"}],"curies":[{"name":"wp","href":"https:\/\/api.w.org\/{rel}","templated":true}]}}