{"id":13001,"date":"2024-08-01T06:52:10","date_gmt":"2024-08-01T06:52:10","guid":{"rendered":"https:\/\/venturamedicaltechnologies.com\/?page_id=13001"},"modified":"2025-11-06T14:49:12","modified_gmt":"2025-11-06T14:49:12","slug":"faqs","status":"publish","type":"page","link":"https:\/\/venturamedicaltechnologies.com\/ca\/pectus-up\/faqs\/","title":{"rendered":"PMF"},"content":{"rendered":"<p><div class=\"fusion-fullwidth fullwidth-box fusion-builder-row-1 fusion-flex-container fusion-parallax-none nonhundred-percent-fullwidth non-hundred-percent-height-scrolling lazyload\" style=\"--awb-border-radius-top-left:0px;--awb-border-radius-top-right:0px;--awb-border-radius-bottom-right:0px;--awb-border-radius-bottom-left:0px;--awb-margin-top:-20PX;--awb-margin-bottom:0px;--awb-background-size:cover;--awb-flex-wrap:wrap;\" data-bg=\"https:\/\/venturamedicaltechnologies.com\/wp-content\/uploads\/2015\/02\/01-1024x427.jpg\" ><div class=\"fusion-builder-row fusion-row fusion-flex-align-items-flex-start fusion-flex-content-wrap\" style=\"max-width:1365px;margin-left: calc(-5% \/ 2 );margin-right: calc(-5% \/ 2 );\"><div class=\"fusion-layout-column fusion_builder_column fusion-builder-column-0 fusion_builder_column_1_1 1_1 fusion-flex-column\" style=\"--awb-bg-size:cover;--awb-width-large:100%;--awb-margin-top-large:0px;--awb-spacing-right-large:2.375%;--awb-margin-bottom-large:0px;--awb-spacing-left-large:2.375%;--awb-width-medium:100%;--awb-order-medium:0;--awb-spacing-right-medium:2.375%;--awb-spacing-left-medium:2.375%;--awb-width-small:100%;--awb-order-small:0;--awb-spacing-right-small:2.375%;--awb-spacing-left-small:2.375%;\"><div class=\"fusion-column-wrapper fusion-column-has-shadow fusion-flex-justify-content-flex-start fusion-content-layout-column\"><div class=\"fusion-separator fusion-full-width-sep\" style=\"align-self: center;margin-left: auto;margin-right: auto;margin-bottom:70px;width:100%;\"><\/div><div class=\"fusion-title title fusion-title-1 fusion-sep-none fusion-title-center fusion-title-text fusion-title-size-one\" style=\"--awb-text-color:#ffffff;\"><h1 class=\"fusion-title-heading title-heading-center\" style=\"margin:0;\">PMF<\/h1><\/div><div class=\"fusion-separator fusion-full-width-sep\" style=\"align-self: center;margin-left: auto;margin-right: auto;margin-bottom:70px;width:100%;\"><\/div><\/div><\/div><\/div><\/div><div class=\"fusion-fullwidth fullwidth-box fusion-builder-row-2 fusion-flex-container nonhundred-percent-fullwidth non-hundred-percent-height-scrolling\" style=\"--awb-border-radius-top-left:0px;--awb-border-radius-top-right:0px;--awb-border-radius-bottom-right:0px;--awb-border-radius-bottom-left:0px;--awb-margin-top:0px;--awb-flex-wrap:wrap;\" ><div class=\"fusion-builder-row fusion-row fusion-flex-align-items-stretch fusion-flex-content-wrap\" style=\"max-width:1365px;margin-left: calc(-5% \/ 2 );margin-right: calc(-5% \/ 2 );\"><div class=\"fusion-layout-column fusion_builder_column fusion-builder-column-1 fusion_builder_column_2_3 2_3 fusion-flex-column zindex1\" style=\"--awb-bg-size:cover;--awb-width-large:66.666666666667%;--awb-margin-top-large:0px;--awb-spacing-right-large:3.5625%;--awb-margin-bottom-large:-60px;--awb-spacing-left-large:3.5625%;--awb-width-medium:66.666666666667%;--awb-order-medium:0;--awb-spacing-right-medium:3.5625%;--awb-spacing-left-medium:3.5625%;--awb-width-small:100%;--awb-order-small:0;--awb-spacing-right-small:2.375%;--awb-spacing-left-small:2.375%;\"><div class=\"fusion-column-wrapper fusion-column-has-shadow fusion-flex-justify-content-flex-start fusion-content-layout-column\"><i class=\"fb-icon-element-1 fb-icon-element fontawesome-icon fa-question fas circle-yes\" style=\"--awb-iconcolor:#a2967d;--awb-iconcolor-hover:#a2967d;--awb-circlecolor:#ffffff;--awb-circlecolor-hover:#ffffff;--awb-circlebordercolor:#ffffff;--awb-circlebordercolor-hover:#ffffff;--awb-circlebordersize:11px;--awb-font-size:70.4px;--awb-width:140.8px;--awb-height:140.8px;--awb-line-height:118.8px;--awb-margin-top:0;--awb-margin-right:0;--awb-margin-bottom:0;--awb-margin-left:0;--awb-align-self:center;\"><\/i><\/div><\/div><div class=\"fusion-layout-column fusion_builder_column fusion-builder-column-2 fusion_builder_column_1_3 1_3 fusion-flex-column zindex1\" style=\"--awb-bg-size:cover;--awb-width-large:33.333333333333%;--awb-margin-top-large:0px;--awb-spacing-right-large:7.125%;--awb-margin-bottom-large:-60px;--awb-spacing-left-large:7.125%;--awb-width-medium:33.333333333333%;--awb-order-medium:0;--awb-spacing-right-medium:7.125%;--awb-spacing-left-medium:7.125%;--awb-width-small:100%;--awb-order-small:0;--awb-spacing-right-small:2.375%;--awb-spacing-left-small:2.375%;\"><div class=\"fusion-column-wrapper fusion-column-has-shadow fusion-flex-justify-content-flex-start fusion-content-layout-column\"><\/div><\/div><div class=\"fusion-layout-column fusion_builder_column fusion-builder-column-3 fusion_builder_column_2_3 2_3 fusion-flex-column\" style=\"--awb-padding-top:80px;--awb-padding-right:50px;--awb-padding-bottom:30px;--awb-padding-left:50px;--awb-overflow:hidden;--awb-bg-color:#e2e2e2;--awb-bg-color-hover:#e2e2e2;--awb-bg-size:cover;--awb-border-radius:60px 12px 60px 12px;--awb-width-large:66.666666666667%;--awb-margin-top-large:0px;--awb-spacing-right-large:3.5625%;--awb-margin-bottom-large:20px;--awb-spacing-left-large:3.5625%;--awb-width-medium:66.666666666667%;--awb-order-medium:0;--awb-spacing-right-medium:3.5625%;--awb-spacing-left-medium:3.5625%;--awb-width-small:100%;--awb-order-small:0;--awb-spacing-right-small:2.375%;--awb-spacing-left-small:2.375%;\"><div class=\"fusion-column-wrapper fusion-column-has-shadow fusion-flex-justify-content-flex-start fusion-content-layout-column\"><div class=\"fusion-text fusion-text-1\"><p><strong>Per qu\u00e8 es produeix cera a les orelles?<\/strong><\/p>\n<p>El conducte auditiu extern est\u00e0 revestit de gl\u00e0ndules que produeixen cerumen, la finalitat de les quals \u00e9s protegir i hidratar la pell del conducte auditiu. Aquest cerumen atrapa i evita que la pols, bacteris i altres microorganismes, aix\u00ed com petits objectes, penetrin i danyin l&#039;o\u00efda. Una part d&#039;aquest cerumen \u00e9s absorbit per la nostra pell i la resta, amb els moviments espec\u00edfics del canal, \u00e9s impulsat cap a l&#039;exterior on cau o s&#039;elimina.<\/p>\n<p><strong>\u00c9s bo o aconsellable netejar-se les orelles?<\/strong><\/p>\n<p>El pavell\u00f3 es pot netejar amb suavitat cada dia, per\u00f2 no el conducte auditiu que necessita una fina capa de cerumen per protegir-se de les agressions externes.<\/p>\n<p><strong>Qui \u00e9s m\u00e9s propens a patir una acumulaci\u00f3 de cerumen?<\/strong><\/p>\n<p>Els nens i les persones grans s\u00f3n m\u00e9s propensos a aquestes acumulacions. Per diferents motius, els nens produeixen molt m\u00e9s cerumen, i l&#039;acumulaci\u00f3 \u00e9s m\u00e9s f\u00e0cil per les caracter\u00edstiques del seu conducte auditiu. En canvi, les persones grans produeixen menys cerumen i tenen menys capacitat d&#039;absorci\u00f3 que genera aquesta acumulaci\u00f3. A m\u00e9s, els homes solen produir m\u00e9s taps de cerumen que les dones a causa de la quantitat de p\u00e8l al conducte auditiu extern. La producci\u00f3 de cerumen tamb\u00e9 \u00e9s m\u00e9s freq\u00fcent en els joves a causa de l&#039;\u00fas d&#039;auriculars quan s&#039;escolta m\u00fasica.<\/p>\n<\/div><\/div><\/div><div class=\"fusion-layout-column fusion_builder_column fusion-builder-column-4 fusion_builder_column_1_3 1_3 fusion-flex-column fusion-animated\" style=\"--awb-padding-top:80px;--awb-padding-right:50px;--awb-padding-bottom:50px;--awb-padding-left:50px;--awb-overflow:hidden;--awb-bg-color:#e2e2e2;--awb-bg-color-hover:#e2e2e2;--awb-bg-position:right center;--awb-bg-size:cover;--awb-border-radius:60px 12px 60px 12px;--awb-width-large:33.333333333333%;--awb-margin-top-large:0px;--awb-spacing-right-large:7.125%;--awb-margin-bottom-large:20px;--awb-spacing-left-large:7.125%;--awb-width-medium:33.333333333333%;--awb-order-medium:0;--awb-spacing-right-medium:7.125%;--awb-spacing-left-medium:7.125%;--awb-width-small:100%;--awb-order-small:0;--awb-spacing-right-small:2.375%;--awb-spacing-left-small:2.375%;\" data-animationtype=\"fadeInLeft\" data-animationduration=\"0.3\" data-animationoffset=\"top-into-view\"><div class=\"fusion-column-wrapper lazyload fusion-column-has-shadow fusion-flex-justify-content-flex-start fusion-content-layout-column fusion-column-has-bg-image\" data-bg-url=\"https:\/\/venturamedicaltechnologies.com\/wp-content\/uploads\/2019\/07\/ESTUDIO-TAPONES-DE-CERUMEN.jpeg\" data-bg=\"https:\/\/venturamedicaltechnologies.com\/wp-content\/uploads\/2019\/07\/ESTUDIO-TAPONES-DE-CERUMEN.jpeg\"><div class=\"fusion-separator fusion-full-width-sep\" style=\"align-self: center;margin-left: auto;margin-right: auto;margin-top:550px;width:100%;\"><\/div><\/div><\/div><\/div><\/div><div class=\"fusion-fullwidth fullwidth-box fusion-builder-row-3 fusion-flex-container has-pattern-background has-mask-background three-blocks fusion-fullwidth-100percent nonhundred-percent-fullwidth non-hundred-percent-height-scrolling\" style=\"--awb-border-radius-top-left:0px;--awb-border-radius-top-right:0px;--awb-border-radius-bottom-right:0px;--awb-border-radius-bottom-left:0px;--awb-padding-top:80px;--awb-padding-bottom:60px;--awb-margin-top:0px;--awb-background-color:rgba(165,165,99,0.19);--awb-flex-wrap:wrap;\" ><div class=\"fusion-builder-row fusion-row fusion-flex-align-items-stretch fusion-flex-content-wrap\" style=\"max-width:calc( 1300px + 2.5vw );margin-left: calc(-2.5vw \/ 2 );margin-right: calc(-2.5vw \/ 2 );\"><div class=\"fusion-layout-column fusion_builder_column fusion-builder-column-5 fusion_builder_column_1_3 1_3 fusion-flex-column block-products fusion-animated\" style=\"--awb-padding-top:4vw;--awb-padding-right:2vw;--awb-padding-bottom:4vw;--awb-padding-left:2vw;--awb-padding-top-small:9vw;--awb-padding-right-small:4vw;--awb-padding-bottom-small:9vw;--awb-padding-left-small:4vw;--awb-overflow:hidden;--awb-bg-color:#31605f;--awb-bg-color-hover:#31605f;--awb-bg-size:cover;--awb-border-radius:60px 12px 60px 12px;--awb-width-large:33.333333333333%;--awb-margin-top-large:0px;--awb-spacing-right-large:1.25vw;--awb-margin-bottom-large:20px;--awb-spacing-left-large:1.25vw;--awb-width-medium:40%;--awb-order-medium:0;--awb-spacing-right-medium:1.25vw;--awb-spacing-left-medium:1.25vw;--awb-width-small:100%;--awb-order-small:0;--awb-spacing-right-small:1.25vw;--awb-margin-bottom-small:6vw;--awb-spacing-left-small:1.25vw;\" data-animationtype=\"fadeInUp\" data-animationduration=\"1.0\" data-animationoffset=\"top-into-view\"><div class=\"fusion-column-wrapper fusion-column-has-shadow fusion-flex-justify-content-center fusion-content-layout-column\"><div class=\"fusion-image-element\" style=\"text-align:center;--awb-margin-bottom:10px;--awb-caption-title-font-family:var(--h2_typography-font-family);--awb-caption-title-font-weight:var(--h2_typography-font-weight);--awb-caption-title-font-style:var(--h2_typography-font-style);--awb-caption-title-size:var(--h2_typography-font-size);--awb-caption-title-transform:var(--h2_typography-text-transform);--awb-caption-title-line-height:var(--h2_typography-line-height);--awb-caption-title-letter-spacing:var(--h2_typography-letter-spacing);\"><span class=\"fusion-imageframe imageframe-none imageframe-1 hover-type-none\"><img decoding=\"async\" width=\"57\" height=\"57\" title=\"pectus\" src=\"https:\/\/venturamedicaltechnologies.com\/wp-content\/uploads\/2021\/05\/pectus.png\" alt class=\"img-responsive wp-image-8281 disable-lazyload\"\/><\/span><\/div><div class=\"fusion-title title fusion-title-2 fusion-sep-none fusion-title-center fusion-title-text fusion-title-size-two\" style=\"--awb-text-color:#ffffff;--awb-font-size:32px;\"><h2 class=\"fusion-title-heading title-heading-center\" style=\"margin:0;font-size:1em;\">PECTUS UP<\/h2><\/div><div class=\"fusion-text fusion-text-2\" style=\"--awb-content-alignment:center;--awb-font-size:17px;--awb-line-height:1.9;--awb-text-color:#ffffff;\"><p>Pectus Excavatum \u00e9s una deformitat cong\u00e8nita de la caixa tor\u00e0cica caracteritzada per una forma c\u00f2ncava del t\u00f2rax.<\/p>\n<\/div><div style=\"text-align:center;\"><a class=\"fusion-button button-flat fusion-button-default-size button-custom fusion-button-default button-1 fusion-button-default-span fusion-button-default-type\" style=\"--button_accent_color:#ffffff;--button_accent_hover_color:#a66d3f;--button_border_hover_color:#a66d3f;--button_border_width-top:1px;--button_border_width-right:1px;--button_border_width-bottom:1px;--button_border_width-left:1px;--button_gradient_top_color:rgba(255,255,255,0);--button_gradient_bottom_color:rgba(255,255,255,0);--button_gradient_top_color_hover:#ffffff;--button_gradient_bottom_color_hover:#ffffff;--button_margin-top:20px;\" target=\"_self\" href=\"https:\/\/venturamedicaltechnologies.com\/ca\/products\/pectus-up\/\"><span class=\"fusion-button-text\">M\u00e9s informaci\u00f3<\/span><\/a><\/div><\/div><\/div><div class=\"fusion-layout-column fusion_builder_column fusion-builder-column-6 fusion_builder_column_1_3 1_3 fusion-flex-column block-products fusion-animated\" style=\"--awb-padding-top:4vw;--awb-padding-right:2vw;--awb-padding-bottom:4vw;--awb-padding-left:2vw;--awb-padding-top-small:9vw;--awb-padding-right-small:4vw;--awb-padding-bottom-small:9vw;--awb-padding-left-small:4vw;--awb-overflow:hidden;--awb-bg-color:rgba(96,49,92,0.86);--awb-bg-color-hover:rgba(96,49,92,0.86);--awb-bg-size:cover;--awb-border-radius:60px 12px 60px 12px;--awb-width-large:33.333333333333%;--awb-margin-top-large:0px;--awb-spacing-right-large:1.25vw;--awb-margin-bottom-large:20px;--awb-spacing-left-large:1.25vw;--awb-width-medium:40%;--awb-order-medium:0;--awb-spacing-right-medium:1.25vw;--awb-spacing-left-medium:1.25vw;--awb-width-small:100%;--awb-order-small:0;--awb-spacing-right-small:1.25vw;--awb-margin-bottom-small:6vw;--awb-spacing-left-small:1.25vw;\" data-animationtype=\"fadeInUp\" data-animationduration=\"1.5\" data-animationoffset=\"top-into-view\"><div class=\"fusion-column-wrapper fusion-column-has-shadow fusion-flex-justify-content-center fusion-content-layout-column\"><div class=\"fusion-image-element\" style=\"text-align:center;--awb-margin-bottom:10px;--awb-caption-title-font-family:var(--h2_typography-font-family);--awb-caption-title-font-weight:var(--h2_typography-font-weight);--awb-caption-title-font-style:var(--h2_typography-font-style);--awb-caption-title-size:var(--h2_typography-font-size);--awb-caption-title-transform:var(--h2_typography-text-transform);--awb-caption-title-line-height:var(--h2_typography-line-height);--awb-caption-title-letter-spacing:var(--h2_typography-letter-spacing);\"><span class=\"fusion-imageframe imageframe-none imageframe-2 hover-type-none\"><img decoding=\"async\" width=\"57\" height=\"57\" alt=\"Desarrollo de productos\" title=\"projecte\" src=\"https:\/\/venturamedicaltechnologies.com\/wp-content\/uploads\/2021\/05\/projecte.png\" class=\"img-responsive wp-image-1939 disable-lazyload\"\/><\/span><\/div><div class=\"fusion-title title fusion-title-3 fusion-sep-none fusion-title-center fusion-title-text fusion-title-size-two\" style=\"--awb-text-color:#ffffff;--awb-font-size:32px;\"><h2 class=\"fusion-title-heading title-heading-center\" style=\"margin:0;font-size:1em;\">HYPOSFIX<\/h2><\/div><div class=\"fusion-text fusion-text-3\" style=\"--awb-content-alignment:center;--awb-font-size:17px;--awb-line-height:1.9;--awb-text-color:#ffffff;\"><p>Tenim la capacitat tecnol\u00f2gica per innovar i desenvolupar nous dispositius m\u00e8dics en diferents especialitats.<\/p>\n<\/div><div style=\"text-align:center;\"><a class=\"fusion-button button-flat fusion-button-default-size button-custom fusion-button-default button-2 fusion-button-default-span fusion-button-default-type\" style=\"--button_accent_color:#ffffff;--button_accent_hover_color:#004c4c;--button_border_hover_color:#004c4c;--button_border_width-top:1px;--button_border_width-right:1px;--button_border_width-bottom:1px;--button_border_width-left:1px;--button_gradient_top_color:rgba(255,255,255,0);--button_gradient_bottom_color:rgba(255,255,255,0);--button_gradient_top_color_hover:#ffffff;--button_gradient_bottom_color_hover:#ffffff;--button_margin-top:20px;\" target=\"_self\" href=\"https:\/\/venturamedicaltechnologies.com\/ca\/hyposfix\/\"><span class=\"fusion-button-text\">M\u00e9s informaci\u00f3<\/span><\/a><\/div><\/div><\/div><div class=\"fusion-layout-column fusion_builder_column fusion-builder-column-7 fusion_builder_column_1_3 1_3 fusion-flex-column block-products fusion-animated\" style=\"--awb-padding-top:4vw;--awb-padding-right:2vw;--awb-padding-bottom:4vw;--awb-padding-left:2vw;--awb-padding-top-small:9vw;--awb-padding-right-small:4vw;--awb-padding-bottom-small:9vw;--awb-padding-left-small:4vw;--awb-overflow:hidden;--awb-bg-color:#f28914;--awb-bg-color-hover:#f28914;--awb-bg-size:cover;--awb-border-radius:60px 12px 60px 12px;--awb-width-large:33.333333333333%;--awb-margin-top-large:0px;--awb-spacing-right-large:1.25vw;--awb-margin-bottom-large:20px;--awb-spacing-left-large:1.25vw;--awb-width-medium:40%;--awb-order-medium:0;--awb-spacing-right-medium:1.25vw;--awb-spacing-left-medium:1.25vw;--awb-width-small:100%;--awb-order-small:0;--awb-spacing-right-small:1.25vw;--awb-margin-bottom-small:6vw;--awb-spacing-left-small:1.25vw;\" data-animationtype=\"fadeInUp\" data-animationduration=\"1.5\" data-animationoffset=\"top-into-view\"><div class=\"fusion-column-wrapper fusion-column-has-shadow fusion-flex-justify-content-center fusion-content-layout-column\"><div class=\"fusion-image-element\" style=\"text-align:center;--awb-margin-bottom:10px;--awb-caption-title-font-family:var(--h2_typography-font-family);--awb-caption-title-font-weight:var(--h2_typography-font-weight);--awb-caption-title-font-style:var(--h2_typography-font-style);--awb-caption-title-size:var(--h2_typography-font-size);--awb-caption-title-transform:var(--h2_typography-text-transform);--awb-caption-title-line-height:var(--h2_typography-line-height);--awb-caption-title-letter-spacing:var(--h2_typography-letter-spacing);\"><span class=\"fusion-imageframe imageframe-none imageframe-3 hover-type-none\"><img decoding=\"async\" width=\"57\" height=\"57\" alt=\"Lantitaps\" title=\"aixetes\" src=\"https:\/\/venturamedicaltechnologies.com\/wp-content\/uploads\/2021\/05\/taps.png\" class=\"img-responsive wp-image-1942 disable-lazyload\"\/><\/span><\/div><div class=\"fusion-title title fusion-title-4 fusion-sep-none fusion-title-center fusion-title-text fusion-title-size-two\" style=\"--awb-text-color:#ffffff;--awb-font-size:32px;\"><h2 class=\"fusion-title-heading title-heading-center\" style=\"margin:0;font-size:1em;\">LANTITAPS<\/h2><\/div><div class=\"fusion-text fusion-text-4\" style=\"--awb-content-alignment:center;--awb-font-size:17px;--awb-line-height:1.9;--awb-text-color:#ffffff;\"><p>Hem desenvolupat un nou dispositiu que permet eliminar els taps de cerumen del conducte auditiu.<\/p>\n<\/div><div style=\"text-align:center;\"><a class=\"fusion-button button-flat fusion-button-default-size button-custom fusion-button-default button-3 fusion-button-default-span fusion-button-default-type\" style=\"--button_accent_color:#ffffff;--button_accent_hover_color:#004c4c;--button_border_hover_color:#004c4c;--button_border_width-top:1px;--button_border_width-right:1px;--button_border_width-bottom:1px;--button_border_width-left:1px;--button_gradient_top_color:rgba(255,255,255,0);--button_gradient_bottom_color:rgba(255,255,255,0);--button_gradient_top_color_hover:#ffffff;--button_gradient_bottom_color_hover:#ffffff;--button_margin-top:20px;\" target=\"_self\" href=\"https:\/\/venturamedicaltechnologies.com\/ca\/lantitaps\/\"><span class=\"fusion-button-text\">M\u00e9s informaci\u00f3<\/span><\/a><\/div><\/div><\/div><\/div><\/div>\n<div class=\"fusion-fullwidth fullwidth-box fusion-builder-row-4 fusion-flex-container nonhundred-percent-fullwidth non-hundred-percent-height-scrolling\" style=\"--awb-border-radius-top-left:0px;--awb-border-radius-top-right:0px;--awb-border-radius-bottom-right:0px;--awb-border-radius-bottom-left:0px;--awb-padding-bottom:0px;--awb-padding-top-small:0px;--awb-padding-right-small:12vw;--awb-padding-bottom-small:12vw;--awb-padding-left-small:12vw;--awb-margin-top:40px;--awb-margin-bottom:-70px;--awb-flex-wrap:wrap;\" ><\/div>\n<\/p>","protected":false},"excerpt":{"rendered":"","protected":false},"author":1,"featured_media":0,"parent":10880,"menu_order":0,"comment_status":"closed","ping_status":"closed","template":"100-width.php","meta":{"footnotes":""},"class_list":["post-13001","page","type-page","status-publish","hentry"],"yoast_head":"<!-- This site is optimized with the Yoast SEO plugin v27.3 - https:\/\/yoast.com\/product\/yoast-seo-wordpress\/ -->\n<title>FAQS - Ventura Medical Technologies<\/title>\n<meta name=\"robots\" content=\"index, follow, max-snippet:-1, max-image-preview:large, max-video-preview:-1\" \/>\n<link rel=\"canonical\" href=\"https:\/\/venturamedicaltechnologies.com\/ca\/pectus-up\/faqs\/\" \/>\n<meta property=\"og:locale\" content=\"ca_ES\" \/>\n<meta property=\"og:type\" content=\"article\" \/>\n<meta property=\"og:title\" content=\"FAQS - Ventura Medical Technologies\" \/>\n<meta property=\"og:url\" content=\"https:\/\/venturamedicaltechnologies.com\/ca\/pectus-up\/faqs\/\" \/>\n<meta property=\"og:site_name\" content=\"Ventura Medical Technologies\" \/>\n<meta property=\"article:modified_time\" content=\"2025-11-06T14:49:12+00:00\" \/>\n<meta name=\"twitter:card\" content=\"summary_large_image\" \/>\n<meta name=\"twitter:label1\" content=\"Temps estimat de lectura\" \/>\n\t<meta name=\"twitter:data1\" content=\"7 minuts\" \/>\n<script type=\"application\/ld+json\" class=\"yoast-schema-graph\">{\"@context\":\"https:\\\/\\\/schema.org\",\"@graph\":[{\"@type\":\"WebPage\",\"@id\":\"https:\\\/\\\/venturamedicaltechnologies.com\\\/ca\\\/pectus-up\\\/faqs\\\/\",\"url\":\"https:\\\/\\\/venturamedicaltechnologies.com\\\/ca\\\/pectus-up\\\/faqs\\\/\",\"name\":\"FAQS - Ventura Medical Technologies\",\"isPartOf\":{\"@id\":\"https:\\\/\\\/venturamedicaltechnologies.com\\\/ca\\\/#website\"},\"datePublished\":\"2024-08-01T06:52:10+00:00\",\"dateModified\":\"2025-11-06T14:49:12+00:00\",\"breadcrumb\":{\"@id\":\"https:\\\/\\\/venturamedicaltechnologies.com\\\/ca\\\/pectus-up\\\/faqs\\\/#breadcrumb\"},\"inLanguage\":\"ca\",\"potentialAction\":[{\"@type\":\"ReadAction\",\"target\":[\"https:\\\/\\\/venturamedicaltechnologies.com\\\/ca\\\/pectus-up\\\/faqs\\\/\"]}]},{\"@type\":\"BreadcrumbList\",\"@id\":\"https:\\\/\\\/venturamedicaltechnologies.com\\\/ca\\\/pectus-up\\\/faqs\\\/#breadcrumb\",\"itemListElement\":[{\"@type\":\"ListItem\",\"position\":1,\"name\":\"Home\",\"item\":\"https:\\\/\\\/venturamedicaltechnologies.com\\\/\"},{\"@type\":\"ListItem\",\"position\":2,\"name\":\"Pectus Up\",\"item\":\"https:\\\/\\\/venturamedicaltechnologies.com\\\/pectus-up\\\/\"},{\"@type\":\"ListItem\",\"position\":3,\"name\":\"FAQS\"}]},{\"@type\":\"WebSite\",\"@id\":\"https:\\\/\\\/venturamedicaltechnologies.com\\\/ca\\\/#website\",\"url\":\"https:\\\/\\\/venturamedicaltechnologies.com\\\/ca\\\/\",\"name\":\"Ventura Medical Technologies\",\"description\":\"Desarrollo de productos m\u00e9dicos\",\"potentialAction\":[{\"@type\":\"SearchAction\",\"target\":{\"@type\":\"EntryPoint\",\"urlTemplate\":\"https:\\\/\\\/venturamedicaltechnologies.com\\\/ca\\\/?s={search_term_string}\"},\"query-input\":{\"@type\":\"PropertyValueSpecification\",\"valueRequired\":true,\"valueName\":\"search_term_string\"}}],\"inLanguage\":\"ca\"}]}<\/script>\n<!-- \/ Yoast SEO plugin. -->","yoast_head_json":{"title":"FAQS - Ventura Medical Technologies","robots":{"index":"index","follow":"follow","max-snippet":"max-snippet:-1","max-image-preview":"max-image-preview:large","max-video-preview":"max-video-preview:-1"},"canonical":"https:\/\/venturamedicaltechnologies.com\/ca\/pectus-up\/faqs\/","og_locale":"ca_ES","og_type":"article","og_title":"FAQS - Ventura Medical Technologies","og_url":"https:\/\/venturamedicaltechnologies.com\/ca\/pectus-up\/faqs\/","og_site_name":"Ventura Medical Technologies","article_modified_time":"2025-11-06T14:49:12+00:00","twitter_card":"summary_large_image","twitter_misc":{"Temps estimat de lectura":"7 minuts"},"schema":{"@context":"https:\/\/schema.org","@graph":[{"@type":"WebPage","@id":"https:\/\/venturamedicaltechnologies.com\/ca\/pectus-up\/faqs\/","url":"https:\/\/venturamedicaltechnologies.com\/ca\/pectus-up\/faqs\/","name":"FAQS - Ventura Medical Technologies","isPartOf":{"@id":"https:\/\/venturamedicaltechnologies.com\/ca\/#website"},"datePublished":"2024-08-01T06:52:10+00:00","dateModified":"2025-11-06T14:49:12+00:00","breadcrumb":{"@id":"https:\/\/venturamedicaltechnologies.com\/ca\/pectus-up\/faqs\/#breadcrumb"},"inLanguage":"ca","potentialAction":[{"@type":"ReadAction","target":["https:\/\/venturamedicaltechnologies.com\/ca\/pectus-up\/faqs\/"]}]},{"@type":"BreadcrumbList","@id":"https:\/\/venturamedicaltechnologies.com\/ca\/pectus-up\/faqs\/#breadcrumb","itemListElement":[{"@type":"ListItem","position":1,"name":"Home","item":"https:\/\/venturamedicaltechnologies.com\/"},{"@type":"ListItem","position":2,"name":"Pectus Up","item":"https:\/\/venturamedicaltechnologies.com\/pectus-up\/"},{"@type":"ListItem","position":3,"name":"FAQS"}]},{"@type":"WebSite","@id":"https:\/\/venturamedicaltechnologies.com\/ca\/#website","url":"https:\/\/venturamedicaltechnologies.com\/ca\/","name":"Ventura Medical Technologies","description":"Desenvolupament de productes m\u00e8dics","potentialAction":[{"@type":"SearchAction","target":{"@type":"EntryPoint","urlTemplate":"https:\/\/venturamedicaltechnologies.com\/ca\/?s={search_term_string}"},"query-input":{"@type":"PropertyValueSpecification","valueRequired":true,"valueName":"search_term_string"}}],"inLanguage":"ca"}]}},"_links":{"self":[{"href":"https:\/\/venturamedicaltechnologies.com\/ca\/wp-json\/wp\/v2\/pages\/13001","targetHints":{"allow":["GET"]}}],"collection":[{"href":"https:\/\/venturamedicaltechnologies.com\/ca\/wp-json\/wp\/v2\/pages"}],"about":[{"href":"https:\/\/venturamedicaltechnologies.com\/ca\/wp-json\/wp\/v2\/types\/page"}],"author":[{"embeddable":true,"href":"https:\/\/venturamedicaltechnologies.com\/ca\/wp-json\/wp\/v2\/users\/1"}],"replies":[{"embeddable":true,"href":"https:\/\/venturamedicaltechnologies.com\/ca\/wp-json\/wp\/v2\/comments?post=13001"}],"version-history":[{"count":8,"href":"https:\/\/venturamedicaltechnologies.com\/ca\/wp-json\/wp\/v2\/pages\/13001\/revisions"}],"predecessor-version":[{"id":13480,"href":"https:\/\/venturamedicaltechnologies.com\/ca\/wp-json\/wp\/v2\/pages\/13001\/revisions\/13480"}],"up":[{"embeddable":true,"href":"https:\/\/venturamedicaltechnologies.com\/ca\/wp-json\/wp\/v2\/pages\/10880"}],"wp:attachment":[{"href":"https:\/\/venturamedicaltechnologies.com\/ca\/wp-json\/wp\/v2\/media?parent=13001"}],"curies":[{"name":"wp","href":"https:\/\/api.w.org\/{rel}","templated":true}]}}