{"id":12340,"date":"2021-03-19T08:41:39","date_gmt":"2021-03-19T08:41:39","guid":{"rendered":"https:\/\/venturamedicaltechnologies.com\/politica-privacidad\/"},"modified":"2023-09-20T11:15:17","modified_gmt":"2023-09-20T11:15:17","slug":"privacy-policy","status":"publish","type":"page","link":"https:\/\/venturamedicaltechnologies.com\/es\/privacy-policy\/","title":{"rendered":"pol\u00edtica de privacidad"},"content":{"rendered":"<p><div class=\"fusion-fullwidth fullwidth-box fusion-builder-row-1 fusion-flex-container fusion-parallax-none nonhundred-percent-fullwidth non-hundred-percent-height-scrolling lazyload\" style=\"--awb-border-radius-top-left:0px;--awb-border-radius-top-right:0px;--awb-border-radius-bottom-right:0px;--awb-border-radius-bottom-left:0px;--awb-margin-bottom:20px;--awb-background-size:cover;--awb-flex-wrap:wrap;\" data-bg=\"https:\/\/venturamedicaltechnologies.com\/wp-content\/uploads\/2023\/06\/Portada-web-Pectus-UP-sense-text-3.png\" ><div class=\"fusion-builder-row fusion-row fusion-flex-align-items-flex-start fusion-flex-content-wrap\" style=\"max-width:1365px;margin-left: calc(-5% \/ 2 );margin-right: calc(-5% \/ 2 );\"><div class=\"fusion-layout-column fusion_builder_column fusion-builder-column-0 fusion_builder_column_1_1 1_1 fusion-flex-column\" style=\"--awb-bg-size:cover;--awb-width-large:100%;--awb-margin-top-large:0px;--awb-spacing-right-large:2.375%;--awb-margin-bottom-large:0px;--awb-spacing-left-large:2.375%;--awb-width-medium:100%;--awb-order-medium:0;--awb-spacing-right-medium:2.375%;--awb-spacing-left-medium:2.375%;--awb-width-small:100%;--awb-order-small:0;--awb-spacing-right-small:2.375%;--awb-spacing-left-small:2.375%;\"><div class=\"fusion-column-wrapper fusion-column-has-shadow fusion-flex-justify-content-flex-start fusion-content-layout-column\"><div class=\"fusion-separator fusion-full-width-sep\" style=\"align-self: center;margin-left: auto;margin-right: auto;margin-bottom:70px;width:100%;\"><\/div><div class=\"fusion-title title fusion-title-1 fusion-sep-none fusion-title-center fusion-title-text fusion-title-size-one\" style=\"--awb-text-color:#ffffff;\"><h1 class=\"fusion-title-heading title-heading-center\" style=\"margin:0;\">pol\u00edtica de privacidad<\/h1><\/div><div class=\"fusion-separator fusion-full-width-sep\" style=\"align-self: center;margin-left: auto;margin-right: auto;margin-bottom:70px;width:100%;\"><\/div><\/div><\/div><\/div><\/div><div class=\"fusion-fullwidth fullwidth-box fusion-builder-row-2 fusion-flex-container nonhundred-percent-fullwidth non-hundred-percent-height-scrolling\" style=\"--awb-border-radius-top-left:0px;--awb-border-radius-top-right:0px;--awb-border-radius-bottom-right:0px;--awb-border-radius-bottom-left:0px;--awb-flex-wrap:wrap;\" ><div class=\"fusion-builder-row fusion-row fusion-flex-align-items-flex-start fusion-flex-content-wrap\" style=\"max-width:1365px;margin-left: calc(-5% \/ 2 );margin-right: calc(-5% \/ 2 );\"><div class=\"fusion-layout-column fusion_builder_column fusion-builder-column-1 fusion_builder_column_1_1 1_1 fusion-flex-column\" style=\"--awb-bg-size:cover;--awb-width-large:100%;--awb-margin-top-large:0px;--awb-spacing-right-large:2.375%;--awb-margin-bottom-large:0px;--awb-spacing-left-large:2.375%;--awb-width-medium:100%;--awb-spacing-right-medium:2.375%;--awb-spacing-left-medium:2.375%;--awb-width-small:100%;--awb-spacing-right-small:2.375%;--awb-spacing-left-small:2.375%;\"><div class=\"fusion-column-wrapper fusion-flex-justify-content-flex-start fusion-content-layout-column\"><div class=\"fusion-text fusion-text-1\"><div class=\"col-md-12\">\n<div class=\"cos\">\n<div class=\"cos\">\n<p style=\"text-align: justify;\"><strong><u>RESPONSABLE DEL TRATAMIENTO<\/u><\/strong>: LES INFORMAMOS QUE EL RESPONSABLE DEL TRATAMIENTO ES VENTURA MEDICAL TECHNOLOGIES, SL (B65316341)<\/p>\n<p>PARA CUALQUIER CONSULTA, QUEJA O SUGERENCIA SOBRE LA TRAMITACI\u00d3N Y REGISTRO DE OPERACIONES DE TRATAMIENTO, CONTACTE CON EL DPO.<\/p>\n<p>DATOS DE CONTACTO DEL RESPONSABLE DE PROTECCI\u00d3N DE DATOS: BROTHERS DATA PROTECTION COMPLIANCE SL, AVENIDA RABASSAIRES, 28 1\u00aa, 08100 MOLLET DEL VALL\u00c9S, MOLLET DEL VALL\u00c9S \u2013 <span style=\"color: rgb(0, 76, 76);\">admin@bdpcompliance.com<\/span><\/p>\n<p style=\"text-align: justify;\"><strong><u>OBJETIVO<\/u><\/strong>: GESTIONAR LA RELACI\u00d3N ENTRE M\u00c9DICOS, PACIENTES Y ENTIDADES, AS\u00cd COMO LA PRESTACI\u00d3N DE NUESTROS SERVICIOS; GESTI\u00d3N DE PROVEEDORES; GESTI\u00d3N DE CLIENTES POTENCIALES Y CONTACTOS DE LA EMPRESA; ENV\u00cdO DE COMUNICACIONES EN CUALQUIER FORMATO (INCLUYENDO EL ELECTR\u00d3NICO) DE NUESTRO NEWSLETTER, NOTICIAS, EVENTOS E INFORMACI\u00d3N QUE PUEDAN SER DE SU INTER\u00c9S; RESOLVER TUS CONSULTAS Y ATENDER TUS DEMANDAS VIA WEB; MANTENIMIENTO DE LISTAS ACTUALIZADAS PARA NO SER CONTACTADOS BAJO SU SOLICITUD; PERMITIR EL FUNCIONAMIENTO DE NUESTRO SITIO WEB\/APLICACIONES MEDIANTE COOKIES T\u00c9CNICAS Y FUNCIONALES; RECOPILACI\u00d3N DE ESTAD\u00cdSTICAS.<\/p>\n<p style=\"text-align: justify;\"><strong><u>LEGITIMACI\u00d3N<\/u><\/strong>: CONSENTIMIENTO EXPRESO, CUMPLIMIENTO DE UNA RELACI\u00d3N CONTRACTUAL E INTER\u00c9S LEG\u00cdTIMO.<\/p>\n<p style=\"text-align: justify;\"><strong><u>EJERCICIO DE DERECHOS<\/u><\/strong>: LIMITACI\u00d3N DEL TRATAMIENTO DE DATOS, PORTABILIDAD, ACCESO, RECTIFICACI\u00d3N, CANCELACI\u00d3N Y OPOSICI\u00d3N A <a href=\"http:\/\/web.archive.org\/web\/20220125052025\/mailto:RGPD@VENTURAMEDICALTECHNOLOGIES.COM\">INFORMACI\u00d3N@VENTURA<span style=\"color: rgb(0, 76, 76);\">MEDICALTE<\/span>CHNOLOGIES.COM<\/a><\/p>\n<p style=\"text-align: justify;\">En cumplimiento de lo dispuesto en el REGLAMENTO (UE) 2016\/679 DEL PARLAMENTO EUROPEO Y DEL CONSEJO de 27 de abril de 2016 (en adelante, \u201cRGPD\u201d) relativo a la protecci\u00f3n de las personas f\u00edsicas en lo que respecta al tratamiento de datos personales y a la libre circulaci\u00f3n, VENTURA MEDICAL TECHNOLOGIES, SL (en adelante VENTURA MEDICAL) le informa como RESPONSABLE DEL TRATAMIENTO que todos los datos personales que nos proporcione a trav\u00e9s de se incorporar\u00e1 a un fichero de datos mantenido bajo estrictas medidas de seguridad y confidencialidad, y permanecer\u00e1 almacenado mientras atendamos sus solicitudes o consultas, mientras exista una relaci\u00f3n de servicio vigente, o hasta que usted nos indique lo contrario.<\/p>\n<p style=\"text-align: justify;\">Las finalidades de las operaciones de tratamiento de datos que realiza VENTURA MEDICAL como responsable del tratamiento de datos son exclusivamente las de gestionar la relaci\u00f3n entre m\u00e9dicos, pacientes y entidades, as\u00ed como la prestaci\u00f3n de nuestros servicios; gesti\u00f3n de proveedores; gesti\u00f3n de clientes potenciales y contactos de la empresa; env\u00edo de comunicaciones en cualquier formato (incluido el electr\u00f3nico) de nuestro bolet\u00edn, noticias, eventos e informaci\u00f3n que pueda ser de su inter\u00e9s; resolver sus consultas y atender sus demandas v\u00eda web; mantenimiento de listas de eliminaci\u00f3n actualizadas para no ser contactados seg\u00fan su solicitud; permitir el funcionamiento de nuestro sitio web\/aplicaciones a trav\u00e9s de cookies t\u00e9cnicas y funcionales; y recopilaci\u00f3n de estad\u00edsticas.<\/p>\n<p>\u00bfCu\u00e1nto tiempo conservaremos tus datos personales?<\/p>\n<p>Se conservar\u00e1n durante no m\u00e1s tiempo del necesario para mantener la finalidad del tratamiento o existan prescripciones legales que dicten su custodia y cuando ya no sea necesario para tal fin, se suprimir\u00e1n con medidas de seguridad adecuadas para garantizar la anonimizaci\u00f3n de los datos o la destrucci\u00f3n total de los mismos.<\/p>\n<p>\u00bfA qui\u00e9n revelamos sus datos personales?<\/p>\n<p>No est\u00e1 prevista ninguna comunicaci\u00f3n de datos personales a terceros, salvo, si fuera necesario para el desarrollo y ejecuci\u00f3n de las finalidades del tratamiento, a nuestros proveedores de servicios relacionados con las comunicaciones, con quienes el RESPONSABLE tiene suscritos los contratos de confidencialidad y de encargado del tratamiento exigidos por la vigente regulaciones de privacidad.<\/p>\n<p style=\"text-align: justify;\">La base legal para el tratamiento de los datos es la RELACI\u00d3N CONTRACTUAL E INTER\u00c9S LEG\u00cdTIMO para la gesti\u00f3n de la relaci\u00f3n entre m\u00e9dicos, pacientes y entidades, as\u00ed como la prestaci\u00f3n de nuestros servicios; gesti\u00f3n de proveedores; gesti\u00f3n de clientes potenciales y contactos de la empresa; resolver sus consultas y atender sus demandas a trav\u00e9s de nuestra web; CONSENTIMIENTO EXPRESO para el env\u00edo de comunicaciones en cualquier formato (incluido el electr\u00f3nico), de nuestra newsletter, noticias, eventos e informaci\u00f3n que pueda ser de su inter\u00e9s: CONSENTIMIENTO EXPRESO; CUMPLIMIENTO DE UNA OBLIGACI\u00d3N LEGAL para el mantenimiento de listas eliminadas actualizadas para no ser contactados bajo su solicitud; y el INTER\u00c9S LEG\u00cdTIMO para permitir el funcionamiento de nuestro sitio web\/aplicaciones a trav\u00e9s de cookies t\u00e9cnicas y funcionales, y recopilaci\u00f3n de estad\u00edsticas.<\/p>\n<p style=\"text-align: justify;\">La categor\u00eda de datos recabados corresponde a datos meramente identificativos, direcciones postales o electr\u00f3nicas, informaci\u00f3n de mercado y econ\u00f3mica, caracter\u00edsticas personales.<\/p>\n<p style=\"text-align: justify;\">Mientras no se nos informe lo contrario, asumimos que los datos proporcionados no han sido modificados, que usted acepta notificarnos cualquier variaci\u00f3n y que contamos con su consentimiento para utilizarlos para los fines antes mencionados.<\/p>\n<p style=\"text-align: justify;\">Le informamos que el uso de los formularios disponibles en est\u00e1 limitado a usuarios mayores de edad, por lo que, al utilizar cualquiera de ellos garantizas que cumples con este requisito y aceptas las consecuencias que en cualquier otro caso pudieran derivarse. Los formularios disponibles pueden ser llenados en el idioma que usted elija, sin embargo, VENTURA MEDICAL no se hace responsable por errores o la imposibilidad de atender su solicitud debido al uso de un lenguaje inadecuado. La cumplimentaci\u00f3n de los formularios, as\u00ed como cualquier otro cuestionario que pueda facilitarse en el futuro, es totalmente opcional, sin embargo, la negativa a facilitar determinada informaci\u00f3n puede implicar la imposibilidad de atender su solicitud.<\/p>\n<p style=\"text-align: justify;\">VENTURA MEDICAL aplica los niveles de seguridad legalmente requeridos en materia de protecci\u00f3n de datos personales, y tiene previsto instalar aquellos medios o medidas t\u00e9cnicas adicionales a su alcance para evitar la p\u00e9rdida, mal uso, alteraci\u00f3n, acceso no autorizado y robo de los datos personales facilitados, por lo que garantizamos la la mayor confidencialidad en su tratamiento, confirmando que no se realizar\u00e1 ninguna transferencia a terceros.<\/p>\n<p style=\"text-align: justify;\">Al enviar voluntariamente tus datos, CONSIENTES EXPRESAMENTE su tratamiento automatizado o no por parte de VENTURA MEDICAL, as\u00ed como su comunicaci\u00f3n a entidades cuya conexi\u00f3n con tus datos sea necesaria o jur\u00eddicamente vinculante, y en el caso de comunicaciones comerciales a trav\u00e9s de correo electr\u00f3nico o medio equivalente. , USTED ACEPTA EXPRESAMENTE su recepci\u00f3n.<\/p>\n<p style=\"text-align: justify;\">El consentimiento otorgado podr\u00e1 revocarse en cualquier momento ejerciendo los derechos de limitaci\u00f3n de tratamiento, portabilidad de datos, acceso, rectificaci\u00f3n, supresi\u00f3n y oposici\u00f3n, garantizados por VENTURA MEDICAL, dirigi\u00e9ndose por escrito a <a href=\"http:\/\/web.archive.org\/web\/20220125052025\/mailto:rgpd@venturamedicaltechnologies.com\">info@venturamedicaltechnologies.com<\/a>.<\/p>\n<p style=\"text-align: justify;\">\n<\/div>\n<\/div>\n<\/div>\n<\/div><\/div><\/div><\/div><\/div><\/p>","protected":false},"excerpt":{"rendered":"","protected":false},"author":1,"featured_media":0,"parent":0,"menu_order":0,"comment_status":"closed","ping_status":"closed","template":"100-width.php","meta":{"footnotes":""},"class_list":["post-12340","page","type-page","status-publish","hentry"],"yoast_head":"<!-- This site is optimized with the Yoast SEO plugin v27.3 - https:\/\/yoast.com\/product\/yoast-seo-wordpress\/ -->\n<title>Privacy Policy - Ventura Medical Technologies<\/title>\n<meta name=\"robots\" content=\"index, follow, max-snippet:-1, max-image-preview:large, max-video-preview:-1\" \/>\n<link rel=\"canonical\" href=\"https:\/\/venturamedicaltechnologies.com\/es\/privacy-policy\/\" \/>\n<meta property=\"og:locale\" content=\"es_ES\" \/>\n<meta property=\"og:type\" content=\"article\" \/>\n<meta property=\"og:title\" content=\"Privacy Policy - Ventura Medical Technologies\" \/>\n<meta property=\"og:url\" content=\"https:\/\/venturamedicaltechnologies.com\/es\/privacy-policy\/\" \/>\n<meta property=\"og:site_name\" content=\"Ventura Medical Technologies\" \/>\n<meta property=\"article:modified_time\" content=\"2023-09-20T11:15:17+00:00\" \/>\n<meta name=\"twitter:card\" content=\"summary_large_image\" \/>\n<meta name=\"twitter:label1\" content=\"Tiempo de lectura\" \/>\n\t<meta name=\"twitter:data1\" content=\"5 minutos\" \/>\n<script type=\"application\/ld+json\" class=\"yoast-schema-graph\">{\"@context\":\"https:\\\/\\\/schema.org\",\"@graph\":[{\"@type\":\"WebPage\",\"@id\":\"https:\\\/\\\/venturamedicaltechnologies.com\\\/es\\\/privacy-policy\\\/\",\"url\":\"https:\\\/\\\/venturamedicaltechnologies.com\\\/es\\\/privacy-policy\\\/\",\"name\":\"Privacy Policy - Ventura Medical Technologies\",\"isPartOf\":{\"@id\":\"https:\\\/\\\/venturamedicaltechnologies.com\\\/es\\\/#website\"},\"datePublished\":\"2021-03-19T08:41:39+00:00\",\"dateModified\":\"2023-09-20T11:15:17+00:00\",\"breadcrumb\":{\"@id\":\"https:\\\/\\\/venturamedicaltechnologies.com\\\/es\\\/privacy-policy\\\/#breadcrumb\"},\"inLanguage\":\"es\",\"potentialAction\":[{\"@type\":\"ReadAction\",\"target\":[\"https:\\\/\\\/venturamedicaltechnologies.com\\\/es\\\/privacy-policy\\\/\"]}]},{\"@type\":\"BreadcrumbList\",\"@id\":\"https:\\\/\\\/venturamedicaltechnologies.com\\\/es\\\/privacy-policy\\\/#breadcrumb\",\"itemListElement\":[{\"@type\":\"ListItem\",\"position\":1,\"name\":\"Home\",\"item\":\"https:\\\/\\\/venturamedicaltechnologies.com\\\/\"},{\"@type\":\"ListItem\",\"position\":2,\"name\":\"Privacy Policy\"}]},{\"@type\":\"WebSite\",\"@id\":\"https:\\\/\\\/venturamedicaltechnologies.com\\\/es\\\/#website\",\"url\":\"https:\\\/\\\/venturamedicaltechnologies.com\\\/es\\\/\",\"name\":\"Ventura Medical Technologies\",\"description\":\"Desarrollo de productos m\u00e9dicos\",\"potentialAction\":[{\"@type\":\"SearchAction\",\"target\":{\"@type\":\"EntryPoint\",\"urlTemplate\":\"https:\\\/\\\/venturamedicaltechnologies.com\\\/es\\\/?s={search_term_string}\"},\"query-input\":{\"@type\":\"PropertyValueSpecification\",\"valueRequired\":true,\"valueName\":\"search_term_string\"}}],\"inLanguage\":\"es\"}]}<\/script>\n<!-- \/ Yoast SEO plugin. -->","yoast_head_json":{"title":"Privacy Policy - Ventura Medical Technologies","robots":{"index":"index","follow":"follow","max-snippet":"max-snippet:-1","max-image-preview":"max-image-preview:large","max-video-preview":"max-video-preview:-1"},"canonical":"https:\/\/venturamedicaltechnologies.com\/es\/privacy-policy\/","og_locale":"es_ES","og_type":"article","og_title":"Privacy Policy - Ventura Medical Technologies","og_url":"https:\/\/venturamedicaltechnologies.com\/es\/privacy-policy\/","og_site_name":"Ventura Medical Technologies","article_modified_time":"2023-09-20T11:15:17+00:00","twitter_card":"summary_large_image","twitter_misc":{"Tiempo de lectura":"5 minutos"},"schema":{"@context":"https:\/\/schema.org","@graph":[{"@type":"WebPage","@id":"https:\/\/venturamedicaltechnologies.com\/es\/privacy-policy\/","url":"https:\/\/venturamedicaltechnologies.com\/es\/privacy-policy\/","name":"Privacy Policy - Ventura Medical Technologies","isPartOf":{"@id":"https:\/\/venturamedicaltechnologies.com\/es\/#website"},"datePublished":"2021-03-19T08:41:39+00:00","dateModified":"2023-09-20T11:15:17+00:00","breadcrumb":{"@id":"https:\/\/venturamedicaltechnologies.com\/es\/privacy-policy\/#breadcrumb"},"inLanguage":"es","potentialAction":[{"@type":"ReadAction","target":["https:\/\/venturamedicaltechnologies.com\/es\/privacy-policy\/"]}]},{"@type":"BreadcrumbList","@id":"https:\/\/venturamedicaltechnologies.com\/es\/privacy-policy\/#breadcrumb","itemListElement":[{"@type":"ListItem","position":1,"name":"Home","item":"https:\/\/venturamedicaltechnologies.com\/"},{"@type":"ListItem","position":2,"name":"Privacy Policy"}]},{"@type":"WebSite","@id":"https:\/\/venturamedicaltechnologies.com\/es\/#website","url":"https:\/\/venturamedicaltechnologies.com\/es\/","name":"Ventura Medical Technologies","description":"Desarrollo de productos m\u00e9dicos","potentialAction":[{"@type":"SearchAction","target":{"@type":"EntryPoint","urlTemplate":"https:\/\/venturamedicaltechnologies.com\/es\/?s={search_term_string}"},"query-input":{"@type":"PropertyValueSpecification","valueRequired":true,"valueName":"search_term_string"}}],"inLanguage":"es"}]}},"_links":{"self":[{"href":"https:\/\/venturamedicaltechnologies.com\/es\/wp-json\/wp\/v2\/pages\/12340","targetHints":{"allow":["GET"]}}],"collection":[{"href":"https:\/\/venturamedicaltechnologies.com\/es\/wp-json\/wp\/v2\/pages"}],"about":[{"href":"https:\/\/venturamedicaltechnologies.com\/es\/wp-json\/wp\/v2\/types\/page"}],"author":[{"embeddable":true,"href":"https:\/\/venturamedicaltechnologies.com\/es\/wp-json\/wp\/v2\/users\/1"}],"replies":[{"embeddable":true,"href":"https:\/\/venturamedicaltechnologies.com\/es\/wp-json\/wp\/v2\/comments?post=12340"}],"version-history":[{"count":6,"href":"https:\/\/venturamedicaltechnologies.com\/es\/wp-json\/wp\/v2\/pages\/12340\/revisions"}],"predecessor-version":[{"id":12356,"href":"https:\/\/venturamedicaltechnologies.com\/es\/wp-json\/wp\/v2\/pages\/12340\/revisions\/12356"}],"wp:attachment":[{"href":"https:\/\/venturamedicaltechnologies.com\/es\/wp-json\/wp\/v2\/media?parent=12340"}],"curies":[{"name":"wp","href":"https:\/\/api.w.org\/{rel}","templated":true}]}}